{"id":1069,"date":"2012-09-27T15:18:31","date_gmt":"2012-09-27T15:18:31","guid":{"rendered":"http:\/\/www.cvss.de\/?page_id=1069"},"modified":"2025-08-26T12:32:40","modified_gmt":"2025-08-26T10:32:40","slug":"cambridge-certificate","status":"publish","type":"page","link":"https:\/\/www.claus-von-stauffenberg-schule.de\/?page_id=1069","title":{"rendered":"CAE &#8211; Cambridge Certificate in Advanced English"},"content":{"rendered":"\n<p>Liebe Sch\u00fclerinnen und Sch\u00fcler, <br>liebe Eltern,<br><br>die <strong>CAMBRIDGE-AG, NIVEAU C1<\/strong>, findet nach den Erfolgen aus den vergangenen Jahren<br>auch in diesem Schuljahr statt.<\/p>\n\n\n\n<p>Das <strong>Cambridge Linguaskill C1<\/strong> ist ein Diplom zum Nachweis sehr guter englischer Sprachkenntnisse. Das Zertifikat hat eine lebenslange, internationale G\u00fcltigkeit, sowohl im universit\u00e4ren Bereich als auch in der Berufswelt oder bei Bewerbungen und wird von potentiellen Arbeitgebern immer gern gesehen. Auch wenn man sich um einen Praktikums- oder Arbeitsplatz im Ausland bewerben m\u00f6chte, k\u00f6nnen diese Zertifikate notwendig oder n\u00fctzlich sein. Das Format des Cambridge-Zertifikats richtet sich nach dem<br>gemeinsamen europ\u00e4ischen Referenzrahmen GER, es gibt daher verschiedene Niveaustufen von A1 (grundlegendes Niveau) bis C2 (akademisches Niveau).<\/p>\n\n\n\n<p><br>Alle Cambridge-Pr\u00fcfungen bestehen aus mehreren Teilen, die alle Bereiche sprachlicher Kompetenz abtesten: Reading and Use of English (Leseverstehen und Sprachgebrauch, d.h. Wortschatz und Idiomatik), Listening (H\u00f6rverstehen), Writing (Schreiben) und Speaking (Sprechen)). Der Umfang der Pr\u00fcfungsteile ist unterschiedlich (jeweils zwischen 45 bis 85 Min.), nur die m\u00fcndliche Pr\u00fcfung ist k\u00fcrzer (15 Min.). <strong>Da sich der Test deutlich von den Pr\u00fcfungsformaten der Englischklausuren in der gymnasialen Oberstufe unterscheidet, sollte man sich gr\u00fcndlich auf die Pr\u00fcfung vorbereiten.<\/strong><\/p>\n\n\n\n<p><br>Das Angebot der Cambridge\u2013AG in diesem Schuljahr richtet sich grunds\u00e4tzlich jahrgangs\u00fcbergreifend an alle Sch\u00fclerinnen und Sch\u00fcler, die \u00fcber sehr gute bzw. gute Englischkenntnisse verf\u00fcgen. Da der Kurs jedoch auf einem h\u00f6heren Niveau C1 angeboten wird, sollten sich vor allem leistungsbereite Sch\u00fclerinnen und Sch\u00fcler angesprochen f\u00fchlen, die den Kurs regelm\u00e4\u00dfig und kontinuierlich besuchen. Der Vorbereitungsunterricht findet w\u00f6chentlich einst\u00fcndig, am <strong>Donnerstag in der 7. Stunde in Raum 128<\/strong> statt. Der Vorbereitungszeitraum ist etwa ein Schuljahr lang.<\/p>\n\n\n\n<p><br>Die Cambridge Linguaskill\u2013Pr\u00fcfung C1 findet ab 2026 zu unterschiedlichen Terminen im Jahr im Testzentrum der Eloquia Sprachschule in Frankfurt statt. Bei einer bestimmten Mindestanzahl von Teilnehmern kann die Pr\u00fcfung auch an der eigenen Schule abgenommen werden. Das Pr\u00fcfungsvorbereitungsbuch wird von unserer Schule bereitgestellt. Die Pr\u00fcfungsgeb\u00fchr betr\u00e4gt in etwa zwischen 250 bis 270 Euro inkl. MwSt. <\/p>\n\n\n\n<p>Das <strong>Vorbereitungstreffen<\/strong> f\u00fcr alle interessierten Sch\u00fclerinnen und Sch\u00fcler findet am <strong>Donnerstag, den 04.09.2025, um 13.10 Uhr in Raum 128<\/strong> statt.<\/p>\n\n\n\n<p><br>Auf folgenden Internetseiten findet man n\u00e4here Informationen:<br>www.cambridgeenglish.org\/exams-and-tests\/advanced\/<br>www.europaeischer-referenzrahmen.de\/cambridge-certificate.php<\/p>\n\n\n\n<p><br>Mit freundlichen Gr\u00fc\u00dfen<br>M. Vasilescu<br>Kursleiterin Cambridge AG<\/p>\n\n\n\n<p><\/p>\n","protected":false},"excerpt":{"rendered":"<p>Liebe Sch\u00fclerinnen und Sch\u00fcler, liebe Eltern, die CAMBRIDGE-AG, NIVEAU C1, findet nach den Erfolgen aus den vergangenen Jahrenauch in diesem Schuljahr statt. Das Cambridge Linguaskill C1 ist ein Diplom zum Nachweis sehr guter englischer Sprachkenntnisse. Das Zertifikat hat eine lebenslange, internationale G\u00fcltigkeit, sowohl im universit\u00e4ren Bereich als auch in der [&hellip;]<\/p>\n","protected":false},"author":1,"featured_media":0,"parent":1073,"menu_order":27,"comment_status":"closed","ping_status":"closed","template":"","meta":{"ngg_post_thumbnail":0,"_themeisle_gutenberg_block_has_review":false,"footnotes":""},"class_list":["post-1069","page","type-page","status-publish","hentry"],"_links":{"self":[{"href":"https:\/\/www.claus-von-stauffenberg-schule.de\/index.php?rest_route=\/wp\/v2\/pages\/1069","targetHints":{"allow":["GET"]}}],"collection":[{"href":"https:\/\/www.claus-von-stauffenberg-schule.de\/index.php?rest_route=\/wp\/v2\/pages"}],"about":[{"href":"https:\/\/www.claus-von-stauffenberg-schule.de\/index.php?rest_route=\/wp\/v2\/types\/page"}],"author":[{"embeddable":true,"href":"https:\/\/www.claus-von-stauffenberg-schule.de\/index.php?rest_route=\/wp\/v2\/users\/1"}],"replies":[{"embeddable":true,"href":"https:\/\/www.claus-von-stauffenberg-schule.de\/index.php?rest_route=%2Fwp%2Fv2%2Fcomments&post=1069"}],"version-history":[{"count":15,"href":"https:\/\/www.claus-von-stauffenberg-schule.de\/index.php?rest_route=\/wp\/v2\/pages\/1069\/revisions"}],"predecessor-version":[{"id":13542,"href":"https:\/\/www.claus-von-stauffenberg-schule.de\/index.php?rest_route=\/wp\/v2\/pages\/1069\/revisions\/13542"}],"up":[{"embeddable":true,"href":"https:\/\/www.claus-von-stauffenberg-schule.de\/index.php?rest_route=\/wp\/v2\/pages\/1073"}],"wp:attachment":[{"href":"https:\/\/www.claus-von-stauffenberg-schule.de\/index.php?rest_route=%2Fwp%2Fv2%2Fmedia&parent=1069"}],"curies":[{"name":"wp","href":"https:\/\/api.w.org\/{rel}","templated":true}]}}