{"id":1073,"date":"2012-10-01T07:32:39","date_gmt":"2012-10-01T07:32:39","guid":{"rendered":"http:\/\/www.cvss.de\/?page_id=1073"},"modified":"2015-11-17T14:46:06","modified_gmt":"2015-11-17T12:46:06","slug":"sprachenzertifikate","status":"publish","type":"page","link":"https:\/\/www.claus-von-stauffenberg-schule.de\/?page_id=1073","title":{"rendered":"Sprachenzertifikate"},"content":{"rendered":"<div>DELE &#8211; DELF &#8211; CAE<\/div>\n<div><\/div>\n<div><span style=\"font-family: Arial; font-size: small;\">Schon seit mehreren Jahren existiert ein gemeinsamer europ\u00e4ischer Referenzrahmen (GER), der es sich zur Aufgabe gemacht hat, die Niveaustufen des\u00a0Spracherwerbs in den verschiedenen europ\u00e4ischen Sprachen und L\u00e4ndern unter einander vergleichbar zu machen. Dabei ber\u00fccksichtigt der GER bei seiner Klassifizierung die vier Kompetenzbereiche H\u00f6rverstehen, Leseverstehen, Sprachf\u00e4higkeit und schriftlicher Ausdruck.<\/span><\/div>\n<div><span style=\"font-family: Arial; font-size: small;\">Es gibt insgesamt f\u00fcr jede der am GER teilnehmenden Sprachen sechs Niveaustufen, von A1 bis C2,\u00a0f\u00fcr die\u00a0sprach\u00fcbergreifende Kompetenzbeschreibungen in den vier oben genannten Bereichen definiert sind.<\/span><\/div>\n<div><span style=\"font-family: Arial; font-size: small;\">\u00a0In jeder der teilnehmenden Sprachen und zu jeder der sechs Niveaustufen werden von den entsprechenden L\u00e4ndern zu festgelegten Terminen jedes Jahr Pr\u00fcfungen angeboten, deren erfolgreiches Bestehen mit einem entsprechendem Zertifikat belegt wird. Diese zertifikate sind international bekannt und anerkannt und stellen sicher eine sinnvolle\u00a0Zusatzqualifikation zu unserem<\/span>\u00a0<span style=\"font-family: Arial; font-size: small;\">Abitur dar.<\/span><\/div>\n<div><span style=\"font-family: Arial; font-size: small;\">Wir bieten daher an unserer Schule f\u00fcr Englisch, Franz\u00f6sisch und Spanisch Vorbereitungskurse f\u00fcr die Pr\u00fcfungen in verschiedenen Niveaustufen an, je nach Bedarf und Ausgangsniveau unserer Sch\u00fcler, vor allem aber f\u00fcr die Stufen B1 und B2.<\/span><\/div>\n<div><span style=\"font-family: Arial; font-size: small;\">Alle weiteren Informationen k\u00f6nnen den Beschreibungen f\u00fcr die einzelnen F\u00e4chern entnommen werden, bzw. k\u00f6nnen bei den entsprechenden Lehrkr\u00e4ften eingeholt werden.<\/span><\/div>\n","protected":false},"excerpt":{"rendered":"<p>DELE &#8211; DELF &#8211; CAE Schon seit mehreren Jahren existiert ein gemeinsamer europ\u00e4ischer Referenzrahmen (GER), der es sich zur Aufgabe gemacht hat, die Niveaustufen des\u00a0Spracherwerbs in den verschiedenen europ\u00e4ischen Sprachen und L\u00e4ndern unter einander vergleichbar zu machen. Dabei ber\u00fccksichtigt der GER bei seiner Klassifizierung die vier Kompetenzbereiche H\u00f6rverstehen, Leseverstehen, Sprachf\u00e4higkeit [&hellip;]<\/p>\n","protected":false},"author":1,"featured_media":0,"parent":441,"menu_order":45,"comment_status":"closed","ping_status":"closed","template":"","meta":{"ngg_post_thumbnail":0,"_themeisle_gutenberg_block_has_review":false,"footnotes":""},"class_list":["post-1073","page","type-page","status-publish","hentry"],"_links":{"self":[{"href":"https:\/\/www.claus-von-stauffenberg-schule.de\/index.php?rest_route=\/wp\/v2\/pages\/1073","targetHints":{"allow":["GET"]}}],"collection":[{"href":"https:\/\/www.claus-von-stauffenberg-schule.de\/index.php?rest_route=\/wp\/v2\/pages"}],"about":[{"href":"https:\/\/www.claus-von-stauffenberg-schule.de\/index.php?rest_route=\/wp\/v2\/types\/page"}],"author":[{"embeddable":true,"href":"https:\/\/www.claus-von-stauffenberg-schule.de\/index.php?rest_route=\/wp\/v2\/users\/1"}],"replies":[{"embeddable":true,"href":"https:\/\/www.claus-von-stauffenberg-schule.de\/index.php?rest_route=%2Fwp%2Fv2%2Fcomments&post=1073"}],"version-history":[{"count":1,"href":"https:\/\/www.claus-von-stauffenberg-schule.de\/index.php?rest_route=\/wp\/v2\/pages\/1073\/revisions"}],"predecessor-version":[{"id":3572,"href":"https:\/\/www.claus-von-stauffenberg-schule.de\/index.php?rest_route=\/wp\/v2\/pages\/1073\/revisions\/3572"}],"up":[{"embeddable":true,"href":"https:\/\/www.claus-von-stauffenberg-schule.de\/index.php?rest_route=\/wp\/v2\/pages\/441"}],"wp:attachment":[{"href":"https:\/\/www.claus-von-stauffenberg-schule.de\/index.php?rest_route=%2Fwp%2Fv2%2Fmedia&parent=1073"}],"curies":[{"name":"wp","href":"https:\/\/api.w.org\/{rel}","templated":true}]}}