{"id":1085,"date":"2012-10-01T19:12:41","date_gmt":"2012-10-01T19:12:41","guid":{"rendered":"http:\/\/www.cvss.de\/?page_id=1085"},"modified":"2024-09-09T08:50:27","modified_gmt":"2024-09-09T06:50:27","slug":"delf-diplome-detudes-en-langue-francaise","status":"publish","type":"page","link":"https:\/\/www.claus-von-stauffenberg-schule.de\/?page_id=1085","title":{"rendered":"DELF &#8211; Dipl\u00f4me d&#8217;Etudes en langue fran\u00e7aise"},"content":{"rendered":"\n<p><b>Erfolgreiche DELF-Pr\u00fcfungen im M\u00e4rz 2024<\/b><\/p>\n\n\n\n<p>Im vergangenen Schuljahr haben sich neun Sch\u00fclerinnen und Sch\u00fcler in den DELF-AGs auf ihre B1- und B2- Pr\u00fcfungen vorbereitet.<\/p>\n\n\n\n<p>Die schriftlichen Pr\u00fcfungen fanden bereits am 8.3.24 statt, sie wurden an der CvSS von den Lehrkr\u00e4ften durchgef\u00fchrt. Am 16.3.24, nur eine Woche sp\u00e4ter, wurde die m\u00fcndliche Pr\u00fcfung an der Frankfurter Ziehenschule von Muttersprachlern des Institut Fran\u00e7ais abgenommen. Die externe m\u00fcndliche Pr\u00fcfung ist immer eine besondere Herausforderung, doch trotz gro\u00dfer Nervosit\u00e4t kamen die meisten mit einem L\u00e4cheln aus der Pr\u00fcfung. \u201eEigentlich war es gar nicht so schlimm\u201c, stellten sie erleichtert fest.<\/p>\n\n\n\n<p>Im Mai waren die Pr\u00fcfungsergebnisse endlich da \u2013 das Warten hatte ein Ende: Alle Sch\u00fclerInnen, die angetreten waren, hatten ihre Pr\u00fcfungen bestanden! (Aus gesundheitlichen Gr\u00fcnden konnte eine Sch\u00fclerin leider nicht teilnehmen.)<\/p>\n\n\n\n<p>Herzlichen Gl\u00fcckwunsch zu dieser tollen Leistung \u2013 f\u00e9licitations!<\/p>\n\n\n\n<p>Anfang September 2024 erreichten uns dann endlich auch die DELF-Diplome, die in Frankreich vom Minist\u00e8re de l\u2019Education Nationale ausgestellt werden.<\/p>\n\n\n\n<hr class=\"wp-block-separator has-alpha-channel-opacity\"\/>\n\n\n<div class=\"wp-block-image\">\n<figure class=\"aligncenter size-large is-resized\"><a href=\"https:\/\/www.claus-von-stauffenberg-schule.de\/wp-content\/uploads\/2024\/09\/PXL_20240903_0927461662-scaled.jpg\"><img loading=\"lazy\" decoding=\"async\" width=\"741\" height=\"1024\" src=\"https:\/\/www.claus-von-stauffenberg-schule.de\/wp-content\/uploads\/2024\/09\/PXL_20240903_0927461662-741x1024.jpg\" alt=\"\" class=\"wp-image-12882\" style=\"width:456px;height:auto\" srcset=\"https:\/\/www.claus-von-stauffenberg-schule.de\/wp-content\/uploads\/2024\/09\/PXL_20240903_0927461662-741x1024.jpg 741w, https:\/\/www.claus-von-stauffenberg-schule.de\/wp-content\/uploads\/2024\/09\/PXL_20240903_0927461662-217x300.jpg 217w, https:\/\/www.claus-von-stauffenberg-schule.de\/wp-content\/uploads\/2024\/09\/PXL_20240903_0927461662-768x1062.jpg 768w, https:\/\/www.claus-von-stauffenberg-schule.de\/wp-content\/uploads\/2024\/09\/PXL_20240903_0927461662-1111x1536.jpg 1111w, https:\/\/www.claus-von-stauffenberg-schule.de\/wp-content\/uploads\/2024\/09\/PXL_20240903_0927461662-1482x2048.jpg 1482w, https:\/\/www.claus-von-stauffenberg-schule.de\/wp-content\/uploads\/2024\/09\/PXL_20240903_0927461662-scaled.jpg 1852w\" sizes=\"auto, (max-width: 741px) 100vw, 741px\" \/><\/a><\/figure>\n<\/div>\n\n\n<hr class=\"wp-block-separator has-alpha-channel-opacity\"\/>\n\n\n\n<p><strong>Gute Gr\u00fcnde f\u00fcr das DELF-Diplom<\/strong><\/p>\n\n\n\n<p>Bereits seit 2008 finden an der CvSS die Arbeitsgemeinschaften zur Vorbereitung f\u00fcr das DELF-Diplom statt. Das \u201eDELF scolaire\u201c (DELF = Dipl\u00f4me d\u2019Etudes en Langue Fran\u00e7aise) ist ein standardisiertes und international anerkanntes Zertifikat des franz\u00f6sischen Bildungsministeriums.<\/p>\n\n\n\n<p>Ausgerichtet nach dem Gemeinsamen Europ\u00e4ischen Referenzrahmen der Sprachen (GER), m\u00fcssen die Pr\u00fcflinge ihre Kenntnisse in vier Kategorien beweisen: H\u00f6rverstehen, Leseverstehen, schriftliche und m\u00fcndliche Sprachfertigkeit.<\/p>\n\n\n\n<p>W\u00e4hrend Kenntnisse der englischen Sprache heutzutage als selbstverst\u00e4ndlich angesehen werden, gilt der Nachweis guter Franz\u00f6sischkenntnisse als wertvolle Zusatzqualifikation. Das DELF-Zertifikat ist ein schulnotenunabh\u00e4ngiger Notennachweis, unbefristet g\u00fcltig und von franz\u00f6sischen Universit\u00e4ten sowie von Arbeitgebern international anerkannt.<\/p>\n\n\n\n<p><strong>DELF-AGs im Schuljahr 2024\/25 \u2013 zur Vorbereitung auf die Pr\u00fcfung im M\u00e4rz 2025<\/strong><\/p>\n\n\n\n<p>Auch im Schuljahr 2024\/25 bietet die CvSS wieder zwei AGs zur Vorbereitung auf das franz\u00f6sische Sprachdiplom DELF an.<\/p>\n\n\n\n<p>Beide Kurse finden ab dem 10.9.24 immer dienstags in der 7. Stunde statt, der B1-Kurs wird von Frau Hauber geleitet, B2 von Frau Wildner-Friedrich.<\/p>\n\n\n\n<p>Alle interessierten Sch\u00fcler sind herzlich willkommen!<\/p>\n","protected":false},"excerpt":{"rendered":"<p>Erfolgreiche DELF-Pr\u00fcfungen im M\u00e4rz 2024 Im vergangenen Schuljahr haben sich neun Sch\u00fclerinnen und Sch\u00fcler in den DELF-AGs auf ihre B1- und B2- Pr\u00fcfungen vorbereitet. Die schriftlichen Pr\u00fcfungen fanden bereits am 8.3.24 statt, sie wurden an der CvSS von den Lehrkr\u00e4ften durchgef\u00fchrt. Am 16.3.24, nur eine Woche sp\u00e4ter, wurde die m\u00fcndliche [&hellip;]<\/p>\n","protected":false},"author":1,"featured_media":0,"parent":1073,"menu_order":23,"comment_status":"closed","ping_status":"closed","template":"","meta":{"ngg_post_thumbnail":0,"_themeisle_gutenberg_block_has_review":false,"footnotes":""},"class_list":["post-1085","page","type-page","status-publish","hentry"],"_links":{"self":[{"href":"https:\/\/www.claus-von-stauffenberg-schule.de\/index.php?rest_route=\/wp\/v2\/pages\/1085","targetHints":{"allow":["GET"]}}],"collection":[{"href":"https:\/\/www.claus-von-stauffenberg-schule.de\/index.php?rest_route=\/wp\/v2\/pages"}],"about":[{"href":"https:\/\/www.claus-von-stauffenberg-schule.de\/index.php?rest_route=\/wp\/v2\/types\/page"}],"author":[{"embeddable":true,"href":"https:\/\/www.claus-von-stauffenberg-schule.de\/index.php?rest_route=\/wp\/v2\/users\/1"}],"replies":[{"embeddable":true,"href":"https:\/\/www.claus-von-stauffenberg-schule.de\/index.php?rest_route=%2Fwp%2Fv2%2Fcomments&post=1085"}],"version-history":[{"count":6,"href":"https:\/\/www.claus-von-stauffenberg-schule.de\/index.php?rest_route=\/wp\/v2\/pages\/1085\/revisions"}],"predecessor-version":[{"id":12885,"href":"https:\/\/www.claus-von-stauffenberg-schule.de\/index.php?rest_route=\/wp\/v2\/pages\/1085\/revisions\/12885"}],"up":[{"embeddable":true,"href":"https:\/\/www.claus-von-stauffenberg-schule.de\/index.php?rest_route=\/wp\/v2\/pages\/1073"}],"wp:attachment":[{"href":"https:\/\/www.claus-von-stauffenberg-schule.de\/index.php?rest_route=%2Fwp%2Fv2%2Fmedia&parent=1085"}],"curies":[{"name":"wp","href":"https:\/\/api.w.org\/{rel}","templated":true}]}}