{"id":11330,"date":"2022-09-20T16:48:44","date_gmt":"2022-09-20T14:48:44","guid":{"rendered":"https:\/\/www.claus-von-stauffenberg-schule.de\/?page_id=11330"},"modified":"2024-08-21T17:49:18","modified_gmt":"2024-08-21T15:49:18","slug":"jugend-debattiert","status":"publish","type":"page","link":"https:\/\/www.claus-von-stauffenberg-schule.de\/?page_id=11330","title":{"rendered":"Jugend debattiert"},"content":{"rendered":"\n<p><strong>Jugend debattiert an der Claus-von-Stauffenberg-Schule<\/strong><\/p>\n\n\n\n<p>Eine Demokratie braucht Menschen, die kritische Fragen stellen. Menschen, die aufstehen, ihre Meinung sagen und sich mit den Meinungen anderer auseinandersetzen. Menschen, die zuh\u00f6ren und reden k\u00f6nnen. Menschen, die fair und sachlich debattieren. Deshalb kommt es darauf an, dass jeder schon in der Schule lernt, wie und wozu man debattiert, und regelm\u00e4\u00dfig \u00fcbt, auch selbst zu debattieren.<\/p>\n\n\n\n<p>Jugend debattiert ist u.a. ein Projekt der gemeinn\u00fctzigen Hertiestiftung und ist als bundesweiter Wettbewerb organisiert. Debattieren bedeutet in dem Zusammenhang, sich zu einer Streitfrage eine Meinung zu bilden, Gr\u00fcnde zu nennen und Kritik vorzutragen. Diese Debatten werden zu viert nach einer klaren Struktur vorgetragen.<\/p>\n\n\n\n<p>Im Rahmen der AG sammeln und recherchieren wir aktuelle, politische Themen und \u00fcben die einzelnen Teile einer Debatte und befassen uns mit zentralen Bewertungskriterien. Sofern von den Teilnehmer<em>innen gew\u00fcnscht, kann der Schwerpunkt auf dem Schulfinale liegen, das wir gemeinsam \u2013 aber in kleinem Rahmen \u2013 vorbereiten. Die Sieger<\/em>innen vertreten die Claus-von-Stauffenberg-Schule bei nachfolgenden Wettbewerben; alle AG-Teilnehmer*innen haben die M\u00f6glichkeit, bei diesen Ausw\u00e4rtsterminen zuzusehen und ggf. auch zu jurieren.<\/p>\n\n\n\n<p>Die \u201eJugend debattiert-AG\u201c trifft regelm\u00e4\u00dfig in der Mittagspause. Weitere Informationen folgen.<\/p>\n\n\n\n<p>Ich freue mich auf euch!<\/p>\n\n\n\n<p>L. Buck<\/p>\n","protected":false},"excerpt":{"rendered":"<p>Jugend debattiert an der Claus-von-Stauffenberg-Schule Eine Demokratie braucht Menschen, die kritische Fragen stellen. Menschen, die aufstehen, ihre Meinung sagen und sich mit den Meinungen anderer auseinandersetzen. Menschen, die zuh\u00f6ren und reden k\u00f6nnen. Menschen, die fair und sachlich debattieren. Deshalb kommt es darauf an, dass jeder schon in der Schule lernt, [&hellip;]<\/p>\n","protected":false},"author":1,"featured_media":0,"parent":441,"menu_order":0,"comment_status":"closed","ping_status":"closed","template":"","meta":{"ngg_post_thumbnail":0,"_themeisle_gutenberg_block_has_review":false,"footnotes":""},"class_list":["post-11330","page","type-page","status-publish","hentry"],"_links":{"self":[{"href":"https:\/\/www.claus-von-stauffenberg-schule.de\/index.php?rest_route=\/wp\/v2\/pages\/11330","targetHints":{"allow":["GET"]}}],"collection":[{"href":"https:\/\/www.claus-von-stauffenberg-schule.de\/index.php?rest_route=\/wp\/v2\/pages"}],"about":[{"href":"https:\/\/www.claus-von-stauffenberg-schule.de\/index.php?rest_route=\/wp\/v2\/types\/page"}],"author":[{"embeddable":true,"href":"https:\/\/www.claus-von-stauffenberg-schule.de\/index.php?rest_route=\/wp\/v2\/users\/1"}],"replies":[{"embeddable":true,"href":"https:\/\/www.claus-von-stauffenberg-schule.de\/index.php?rest_route=%2Fwp%2Fv2%2Fcomments&post=11330"}],"version-history":[{"count":4,"href":"https:\/\/www.claus-von-stauffenberg-schule.de\/index.php?rest_route=\/wp\/v2\/pages\/11330\/revisions"}],"predecessor-version":[{"id":12646,"href":"https:\/\/www.claus-von-stauffenberg-schule.de\/index.php?rest_route=\/wp\/v2\/pages\/11330\/revisions\/12646"}],"up":[{"embeddable":true,"href":"https:\/\/www.claus-von-stauffenberg-schule.de\/index.php?rest_route=\/wp\/v2\/pages\/441"}],"wp:attachment":[{"href":"https:\/\/www.claus-von-stauffenberg-schule.de\/index.php?rest_route=%2Fwp%2Fv2%2Fmedia&parent=11330"}],"curies":[{"name":"wp","href":"https:\/\/api.w.org\/{rel}","templated":true}]}}