{"id":12848,"date":"2024-09-05T10:49:35","date_gmt":"2024-09-05T08:49:35","guid":{"rendered":"https:\/\/www.claus-von-stauffenberg-schule.de\/?page_id=12848"},"modified":"2024-11-01T10:50:47","modified_gmt":"2024-11-01T09:50:47","slug":"unterrichtsangebot","status":"publish","type":"page","link":"https:\/\/www.claus-von-stauffenberg-schule.de\/?page_id=12848","title":{"rendered":"Unterrichtsangebot"},"content":{"rendered":"\n<p>Hier finden Sie Informationen zu den an unserer Schule unterrichteten F\u00e4chern in den jeweiligen Fachbereichen. <\/p>\n\n\n\n<p>Der Unterricht in der <strong>Einf\u00fchrungsphase<\/strong> findet im Klassenverband statt. Nach der Verordnung \u00fcber die gymnasiale Oberstufe m\u00fcssen die Schulen f\u00fcnf Kompensationsstunden anbieten. Die Claus-von-Stauffenberg-Schule hat je eine zus\u00e4tzliche Wochenstunde in den F\u00e4chern Deutsch, Politik und Wirtschaft, Geschichte, Physik und Chemie angeh\u00e4ngt.<\/p>\n\n\n\n<p><br>In der <strong>Qualifikationsphase 1 und 2<\/strong> werden im Schuljahr 2024\/25 Leistungskurse in Deutsch, Englisch, Franz\u00f6sisch, Spanisch, Latein, Kunst, Musik, Politik und Wirtschaft, Geschichte, Mathematik, Physik, Chemie, Biologie, Informatik und Sport angeboten.<br>In der <strong>Qualifikationsphase 3 und 4 <\/strong>werden im Schuljahr 2024\/25 Leistungskurse in Deutsch, Englisch, Franz\u00f6sisch, Spanisch, Musik, Kunst, Politik und Wirtschaft, Geschichte, Mathematik, Physik, Chemie, Biologie, Informatik und Sport angeboten.<\/p>\n\n\n\n<hr class=\"wp-block-separator has-alpha-channel-opacity\"\/>\n\n\n\n<div class=\"wp-block-columns alignwide is-layout-flex wp-container-core-columns-is-layout-d2da2050 wp-block-columns-is-layout-flex\" style=\"margin-bottom:0\">\n<div class=\"wp-block-column has-text-color has-background has-link-color wp-elements-ae11944141c0d20da4496565ab7c842b is-layout-flow wp-block-column-is-layout-flow\" style=\"color:#000000;background-color:#ffe97d;padding-top:2em;padding-right:2em;padding-bottom:2em;padding-left:2em\">\n<h2 class=\"wp-block-heading\" id=\"single\" style=\"font-size:40px\">FB 1<\/h2>\n\n\n\n<p class=\"has-normal-font-size\" style=\"line-height:1.5\"><strong>Leitung: Frau Jeuck<\/strong><\/p>\n\n\n\n<ul class=\"wp-block-list has-normal-font-size\">\n<li>Deutsch<\/li>\n\n\n\n<li>Kunst<\/li>\n\n\n\n<li>Musik<\/li>\n\n\n\n<li>Darstellendes Spiel<\/li>\n<\/ul>\n\n\n\n<p class=\"has-normal-font-size\" style=\"line-height:1.5\"><strong>Leitung Sport: Herr Ites<\/strong><\/p>\n\n\n\n<p class=\"has-normal-font-size\" style=\"line-height:1.5\"><strong>Leitung Sprachen: Herr Soldat<\/strong><\/p>\n\n\n\n<ul class=\"wp-block-list has-normal-font-size\">\n<li>Englisch<\/li>\n\n\n\n<li>Franz\u00f6sisch<\/li>\n\n\n\n<li>Spanisch<\/li>\n\n\n\n<li>Italienisch<\/li>\n\n\n\n<li>Latein<\/li>\n<\/ul>\n<\/div>\n\n\n\n<div class=\"wp-block-column has-text-color has-background has-link-color wp-elements-5b962b52064ec00aaa69c25e2ec373f3 is-layout-flow wp-block-column-is-layout-flow\" style=\"color:#000000;background-color:#d1d1e1;padding-top:2em;padding-right:2em;padding-bottom:2em;padding-left:2em\">\n<h2 class=\"wp-block-heading\" id=\"family\" style=\"font-size:40px\">FB 2<\/h2>\n\n\n\n<p class=\"has-normal-font-size\" style=\"line-height:1.5\"><strong>Leitung: Herr Reinhardt<\/strong><\/p>\n\n\n\n<ul class=\"wp-block-list has-normal-font-size\">\n<li>Geschichte<\/li>\n\n\n\n<li>Politik und Wirtschaft,<\/li>\n\n\n\n<li>evangelische Religion<\/li>\n\n\n\n<li>katholische Religion<\/li>\n\n\n\n<li>Ethik<\/li>\n<\/ul>\n\n\n\n<p class=\"has-normal-font-size\" style=\"line-height:1.5\"><\/p>\n<\/div>\n\n\n\n<div class=\"wp-block-column has-text-color has-background has-link-color wp-elements-ae0c2c39400d395a27bf320ef625546d is-layout-flow wp-block-column-is-layout-flow\" style=\"color:#000000;background-color:#c0ebf1;padding-top:2em;padding-right:2em;padding-bottom:2em;padding-left:2em\">\n<h2 class=\"wp-block-heading\" id=\"patron\" style=\"font-size:40px\">FB 3<\/h2>\n\n\n\n<p class=\"has-normal-font-size\"><strong>Leitung: Frau Kn\u00f6tzele<\/strong><\/p>\n\n\n\n<ul class=\"wp-block-list has-normal-font-size\">\n<li>Mathematik<\/li>\n<\/ul>\n\n\n\n<p class=\"has-normal-font-size\"><strong>Naturwissenschaftliche Leitung: <\/strong><br><strong>Frau Stegner<\/strong><\/p>\n\n\n\n<ul class=\"wp-block-list has-normal-font-size\">\n<li>Biologie<\/li>\n\n\n\n<li>Chemie<\/li>\n\n\n\n<li>Physik<\/li>\n\n\n\n<li>Informatik<\/li>\n<\/ul>\n<\/div>\n<\/div>\n\n\n\n<hr class=\"wp-block-separator has-alpha-channel-opacity\"\/>\n","protected":false},"excerpt":{"rendered":"<p>Hier finden Sie Informationen zu den an unserer Schule unterrichteten F\u00e4chern in den jeweiligen Fachbereichen. Der Unterricht in der Einf\u00fchrungsphase findet im Klassenverband statt. Nach der Verordnung \u00fcber die gymnasiale Oberstufe m\u00fcssen die Schulen f\u00fcnf Kompensationsstunden anbieten. Die Claus-von-Stauffenberg-Schule hat je eine zus\u00e4tzliche Wochenstunde in den F\u00e4chern Deutsch, Politik und [&hellip;]<\/p>\n","protected":false},"author":1,"featured_media":0,"parent":12,"menu_order":0,"comment_status":"closed","ping_status":"closed","template":"","meta":{"ngg_post_thumbnail":0,"_themeisle_gutenberg_block_has_review":false,"footnotes":""},"class_list":["post-12848","page","type-page","status-publish","hentry"],"_links":{"self":[{"href":"https:\/\/www.claus-von-stauffenberg-schule.de\/index.php?rest_route=\/wp\/v2\/pages\/12848","targetHints":{"allow":["GET"]}}],"collection":[{"href":"https:\/\/www.claus-von-stauffenberg-schule.de\/index.php?rest_route=\/wp\/v2\/pages"}],"about":[{"href":"https:\/\/www.claus-von-stauffenberg-schule.de\/index.php?rest_route=\/wp\/v2\/types\/page"}],"author":[{"embeddable":true,"href":"https:\/\/www.claus-von-stauffenberg-schule.de\/index.php?rest_route=\/wp\/v2\/users\/1"}],"replies":[{"embeddable":true,"href":"https:\/\/www.claus-von-stauffenberg-schule.de\/index.php?rest_route=%2Fwp%2Fv2%2Fcomments&post=12848"}],"version-history":[{"count":16,"href":"https:\/\/www.claus-von-stauffenberg-schule.de\/index.php?rest_route=\/wp\/v2\/pages\/12848\/revisions"}],"predecessor-version":[{"id":13105,"href":"https:\/\/www.claus-von-stauffenberg-schule.de\/index.php?rest_route=\/wp\/v2\/pages\/12848\/revisions\/13105"}],"up":[{"embeddable":true,"href":"https:\/\/www.claus-von-stauffenberg-schule.de\/index.php?rest_route=\/wp\/v2\/pages\/12"}],"wp:attachment":[{"href":"https:\/\/www.claus-von-stauffenberg-schule.de\/index.php?rest_route=%2Fwp%2Fv2%2Fmedia&parent=12848"}],"curies":[{"name":"wp","href":"https:\/\/api.w.org\/{rel}","templated":true}]}}