{"id":13002,"date":"2024-10-10T12:16:04","date_gmt":"2024-10-10T10:16:04","guid":{"rendered":"https:\/\/www.claus-von-stauffenberg-schule.de\/?page_id=13002"},"modified":"2024-10-10T12:35:04","modified_gmt":"2024-10-10T10:35:04","slug":"medienkonzept","status":"publish","type":"page","link":"https:\/\/www.claus-von-stauffenberg-schule.de\/?page_id=13002","title":{"rendered":"Medienbildungskonzept"},"content":{"rendered":"\n<p><strong>Medienbildungskonzept der Claus-von-Stauffenberg-Schule<\/strong><br>Stand: Juni 2024<\/p>\n\n\n\n<p>Die Nutzung zeitgem\u00e4\u00dfer Medien und technischer Ausstattung im Unterricht ist an unserer Schule von zentraler Bedeutung und soll unsere Sch\u00fclerInnen in den Lernprozessen und ihrer Medienkompetenz unterst\u00fctzen: <\/p>\n\n\n\n<div data-wp-interactive=\"core\/file\" class=\"wp-block-file\"><object data-wp-bind--hidden=\"!state.hasPdfPreview\" hidden class=\"wp-block-file__embed\" data=\"https:\/\/www.claus-von-stauffenberg-schule.de\/wp-content\/uploads\/2024\/10\/Medienkonzept.pdf\" type=\"application\/pdf\" style=\"width:100%;height:600px\" aria-label=\"Einbettung von Medienkonzept.\"><\/object><a id=\"wp-block-file--media-2989b1f1-8b01-49f6-aaa5-62b8d16c8a10\" href=\"https:\/\/www.claus-von-stauffenberg-schule.de\/wp-content\/uploads\/2024\/10\/Medienkonzept.pdf\">Medienkonzept<\/a><a href=\"https:\/\/www.claus-von-stauffenberg-schule.de\/wp-content\/uploads\/2024\/10\/Medienkonzept.pdf\" class=\"wp-block-file__button wp-element-button\" download aria-describedby=\"wp-block-file--media-2989b1f1-8b01-49f6-aaa5-62b8d16c8a10\">Herunterladen<\/a><\/div>\n","protected":false},"excerpt":{"rendered":"<p>Medienbildungskonzept der Claus-von-Stauffenberg-SchuleStand: Juni 2024 Die Nutzung zeitgem\u00e4\u00dfer Medien und technischer Ausstattung im Unterricht ist an unserer Schule von zentraler Bedeutung und soll unsere Sch\u00fclerInnen in den Lernprozessen und ihrer Medienkompetenz unterst\u00fctzen:<\/p>\n","protected":false},"author":1,"featured_media":0,"parent":12,"menu_order":0,"comment_status":"closed","ping_status":"closed","template":"","meta":{"ngg_post_thumbnail":0,"_themeisle_gutenberg_block_has_review":false,"footnotes":""},"class_list":["post-13002","page","type-page","status-publish","hentry"],"_links":{"self":[{"href":"https:\/\/www.claus-von-stauffenberg-schule.de\/index.php?rest_route=\/wp\/v2\/pages\/13002","targetHints":{"allow":["GET"]}}],"collection":[{"href":"https:\/\/www.claus-von-stauffenberg-schule.de\/index.php?rest_route=\/wp\/v2\/pages"}],"about":[{"href":"https:\/\/www.claus-von-stauffenberg-schule.de\/index.php?rest_route=\/wp\/v2\/types\/page"}],"author":[{"embeddable":true,"href":"https:\/\/www.claus-von-stauffenberg-schule.de\/index.php?rest_route=\/wp\/v2\/users\/1"}],"replies":[{"embeddable":true,"href":"https:\/\/www.claus-von-stauffenberg-schule.de\/index.php?rest_route=%2Fwp%2Fv2%2Fcomments&post=13002"}],"version-history":[{"count":6,"href":"https:\/\/www.claus-von-stauffenberg-schule.de\/index.php?rest_route=\/wp\/v2\/pages\/13002\/revisions"}],"predecessor-version":[{"id":13017,"href":"https:\/\/www.claus-von-stauffenberg-schule.de\/index.php?rest_route=\/wp\/v2\/pages\/13002\/revisions\/13017"}],"up":[{"embeddable":true,"href":"https:\/\/www.claus-von-stauffenberg-schule.de\/index.php?rest_route=\/wp\/v2\/pages\/12"}],"wp:attachment":[{"href":"https:\/\/www.claus-von-stauffenberg-schule.de\/index.php?rest_route=%2Fwp%2Fv2%2Fmedia&parent=13002"}],"curies":[{"name":"wp","href":"https:\/\/api.w.org\/{rel}","templated":true}]}}