{"id":13067,"date":"2024-10-28T14:41:07","date_gmt":"2024-10-28T13:41:07","guid":{"rendered":"https:\/\/www.claus-von-stauffenberg-schule.de\/?page_id=13067"},"modified":"2024-10-28T14:43:51","modified_gmt":"2024-10-28T13:43:51","slug":"personal-coach-schulsozialarbeit","status":"publish","type":"page","link":"https:\/\/www.claus-von-stauffenberg-schule.de\/?page_id=13067","title":{"rendered":"Personal Coach &#8211; Schulsozialarbeit"},"content":{"rendered":"\n<p><strong>Personal Coach &#8211; Schulsozialarbeit<\/strong><\/p>\n\n\n\n<p>Die Schulsozialarbeit ist seit dem 15. September 2022 mit einer P\u00e4dagogin (halbe Stelle) an der Claus-von-Stauffenberg-Schule installiert.<\/p>\n\n\n\n<p>Der Schwerpunkt der Schulsozialarbeit an der CvSS liegt auf der individuellen Unterst\u00fctzung der jungen Erwachsenen mit dem Ziel sie im schulischen Vorankommen zu begleiten.&nbsp;&nbsp;<\/p>\n\n\n\n<p>Mit dieser Zielsetzung ist die Bezeichnung \u201epersonal coach\u201c statt Schulsozialarbeiterin treffender. Der Begriff \u201epersonal coach\u201c ist in unserer heutigen Zeit fast \u00fcberall zu finden und charakterisiert die Arbeit sehr gut. Es geht in der Arbeit des personal coachs darum dem jungen Lernenden zuzuh\u00f6ren, ihn wahrzunehmen und beratend bei schulischen und privaten Problemen, begleitend eine St\u00fctze zu sein.<\/p>\n\n\n\n<p>Das B\u00fcro der Schulsozialarbeit (Raum 19) wurde so gestaltet, dass es als R\u00fcckzugsort f\u00fcr eine kleine Auszeit vom schulischen Alltag dient. Die jungen Erwachsenen k\u00f6nnen in einem \u201egesch\u00fctzten Rahmen\u201c &#8211; erkennbar in der Schule und doch unabh\u00e4ngig von dieser &#8211; mit der P\u00e4dagogin (dem personal coach) ins Gespr\u00e4ch kommen.<\/p>\n\n\n\n<p>In der gymnasialen Oberstufe auf dem Weg zum Abiturabschluss entsteht somit eine gr\u00f6\u00dfere Individualit\u00e4t im schulischen Bereich. In der Einf\u00fchrungsphase (11. Klasse) spielt der Klassenverband noch eine gro\u00dfe Rolle, mit dem Wechsel in die Qualifikationsphase wird den jungen Erwachsenen zunehmend ein eigenverantwortliches, selbstst\u00e4ndiges Handeln abverlangt. Zu den individuellen schulischen Anforderungen kommen die privaten Probleme hinzu. Die Themen, die die jungen Erwachsenen besch\u00e4ftigen, sind somit sehr komplex und sollen doch alleine bew\u00e4ltigt werden. Dadurch entsteht oft ein hoher Druck und die Angst sowohl auf schulischer und\/oder privater Ebene zu scheitern. Diese Selbstzweifel und \u00c4ngste k\u00f6nnen wiederum zu Blockaden f\u00fchren, um sich mit den Problemen ad\u00e4quat auseinanderzusetzen. Somit sind die pers\u00f6nlichen privaten Probleme, die parallel zum Schulalltag hinzukommen, auch noch ein weiteres komplexes Thema, das es gerade in dieser Altersspanne alleine zu l\u00f6sen gilt.<\/p>\n\n\n\n<p>Die Schulsozialarbeit (der schulunabh\u00e4ngige personal coach) kann hierbei eine gro\u00dfe St\u00fctze sein, durch aktives Zuh\u00f6ren und Zeit schenken. Im Sinne eines Coaches ist es so m\u00f6glich, den jungen Erwachsenen individuell zu begleiten, gemeinsam nach L\u00f6sungswegen und Perspektiven zu suchen und wenn es n\u00f6tig ist, weitere au\u00dferschulische Hilfsinstitutionen oder Ma\u00dfnahmen zu finden. &nbsp;&nbsp;&nbsp;&nbsp;<\/p>\n\n\n\n<p>Seit dem Sommer 2024 wird die P\u00e4dagogin noch von ihrer H\u00fcndin \u201eMerle\u201c begleitet. Es war eine Idee von Frau Barbara Stegner \u2013 Lehrkraft mit Schulhund Milo \u2013 das Schulhund-Team ist schon viele Jahre an der CvSS gemeinsam t\u00e4tig.<\/p>\n","protected":false},"excerpt":{"rendered":"<p>Personal Coach &#8211; Schulsozialarbeit Die Schulsozialarbeit ist seit dem 15. September 2022 mit einer P\u00e4dagogin (halbe Stelle) an der Claus-von-Stauffenberg-Schule installiert. Der Schwerpunkt der Schulsozialarbeit an der CvSS liegt auf der individuellen Unterst\u00fctzung der jungen Erwachsenen mit dem Ziel sie im schulischen Vorankommen zu begleiten.&nbsp;&nbsp; Mit dieser Zielsetzung ist die [&hellip;]<\/p>\n","protected":false},"author":1,"featured_media":0,"parent":23,"menu_order":0,"comment_status":"closed","ping_status":"closed","template":"","meta":{"ngg_post_thumbnail":0,"_themeisle_gutenberg_block_has_review":false,"footnotes":""},"class_list":["post-13067","page","type-page","status-publish","hentry"],"_links":{"self":[{"href":"https:\/\/www.claus-von-stauffenberg-schule.de\/index.php?rest_route=\/wp\/v2\/pages\/13067","targetHints":{"allow":["GET"]}}],"collection":[{"href":"https:\/\/www.claus-von-stauffenberg-schule.de\/index.php?rest_route=\/wp\/v2\/pages"}],"about":[{"href":"https:\/\/www.claus-von-stauffenberg-schule.de\/index.php?rest_route=\/wp\/v2\/types\/page"}],"author":[{"embeddable":true,"href":"https:\/\/www.claus-von-stauffenberg-schule.de\/index.php?rest_route=\/wp\/v2\/users\/1"}],"replies":[{"embeddable":true,"href":"https:\/\/www.claus-von-stauffenberg-schule.de\/index.php?rest_route=%2Fwp%2Fv2%2Fcomments&post=13067"}],"version-history":[{"count":2,"href":"https:\/\/www.claus-von-stauffenberg-schule.de\/index.php?rest_route=\/wp\/v2\/pages\/13067\/revisions"}],"predecessor-version":[{"id":13071,"href":"https:\/\/www.claus-von-stauffenberg-schule.de\/index.php?rest_route=\/wp\/v2\/pages\/13067\/revisions\/13071"}],"up":[{"embeddable":true,"href":"https:\/\/www.claus-von-stauffenberg-schule.de\/index.php?rest_route=\/wp\/v2\/pages\/23"}],"wp:attachment":[{"href":"https:\/\/www.claus-von-stauffenberg-schule.de\/index.php?rest_route=%2Fwp%2Fv2%2Fmedia&parent=13067"}],"curies":[{"name":"wp","href":"https:\/\/api.w.org\/{rel}","templated":true}]}}