{"id":13561,"date":"2025-09-03T09:01:10","date_gmt":"2025-09-03T07:01:10","guid":{"rendered":"https:\/\/www.claus-von-stauffenberg-schule.de\/?page_id=13561"},"modified":"2025-09-03T09:01:11","modified_gmt":"2025-09-03T07:01:11","slug":"aktuelles","status":"publish","type":"page","link":"https:\/\/www.claus-von-stauffenberg-schule.de\/?page_id=13561","title":{"rendered":"Aktuelles"},"content":{"rendered":"\n<p><strong>\u201cFreundschaft ist eine Seele in zwei K\u00f6rpern.\u201d&nbsp;<\/strong><\/p>\n\n\n\n<p><strong>&nbsp; &nbsp; &nbsp; &nbsp; &nbsp; &nbsp; &nbsp; &nbsp; &nbsp; &nbsp; &nbsp; &nbsp;Aristoteles<\/strong><\/p>\n\n\n\n<p>Liebe Schulgemeinde,<\/p>\n\n\n\n<p>unser Schulhund Milo ist in den Sommerferien eingeschlafen und nicht mehr aufgewacht.&nbsp;<\/p>\n\n\n\n<p>Er war so pr\u00e4sent in der Schule und hat mit Frau Stegner das Schulhund-Projekt f\u00fcr diese Schule ins Leben gerufen. Man k\u00f6nnte ihn als Mentor f\u00fcr Merle (Schulhund seit 2024) sehen.<\/p>\n\n\n\n<p>Milo blieb oft zum Ausruhen bei mir in Raum 19\/ Schulsozialarbeit und k\u00fcmmerte sich r\u00fchrend um den neuen Schulhund Merle.<\/p>\n\n\n\n<p>(Bilder von Milo)<\/p>\n\n\n\n<p>Wir vermissen ihn!<\/p>\n\n\n\n<figure class=\"wp-block-gallery has-nested-images columns-default is-cropped wp-block-gallery-1 is-layout-flex wp-block-gallery-is-layout-flex\">\n<figure class=\"wp-block-image size-large\"><a href=\"https:\/\/www.claus-von-stauffenberg-schule.de\/wp-content\/uploads\/2025\/09\/Milo-1.4.jpg\"><img loading=\"lazy\" decoding=\"async\" width=\"1024\" height=\"768\" data-id=\"13562\" src=\"https:\/\/www.claus-von-stauffenberg-schule.de\/wp-content\/uploads\/2025\/09\/Milo-1.4-1024x768.jpg\" alt=\"\" class=\"wp-image-13562\" srcset=\"https:\/\/www.claus-von-stauffenberg-schule.de\/wp-content\/uploads\/2025\/09\/Milo-1.4-1024x768.jpg 1024w, https:\/\/www.claus-von-stauffenberg-schule.de\/wp-content\/uploads\/2025\/09\/Milo-1.4-300x225.jpg 300w, https:\/\/www.claus-von-stauffenberg-schule.de\/wp-content\/uploads\/2025\/09\/Milo-1.4-768x576.jpg 768w, https:\/\/www.claus-von-stauffenberg-schule.de\/wp-content\/uploads\/2025\/09\/Milo-1.4-1536x1152.jpg 1536w, https:\/\/www.claus-von-stauffenberg-schule.de\/wp-content\/uploads\/2025\/09\/Milo-1.4.jpg 2000w\" sizes=\"auto, (max-width: 1024px) 100vw, 1024px\" \/><\/a><\/figure>\n\n\n\n<figure class=\"wp-block-image size-large\"><a href=\"https:\/\/www.claus-von-stauffenberg-schule.de\/wp-content\/uploads\/2025\/09\/Milo-1.3.jpg\"><img loading=\"lazy\" decoding=\"async\" width=\"768\" height=\"1024\" data-id=\"13563\" src=\"https:\/\/www.claus-von-stauffenberg-schule.de\/wp-content\/uploads\/2025\/09\/Milo-1.3-768x1024.jpg\" alt=\"\" class=\"wp-image-13563\" srcset=\"https:\/\/www.claus-von-stauffenberg-schule.de\/wp-content\/uploads\/2025\/09\/Milo-1.3-768x1024.jpg 768w, https:\/\/www.claus-von-stauffenberg-schule.de\/wp-content\/uploads\/2025\/09\/Milo-1.3-225x300.jpg 225w, https:\/\/www.claus-von-stauffenberg-schule.de\/wp-content\/uploads\/2025\/09\/Milo-1.3-1152x1536.jpg 1152w, https:\/\/www.claus-von-stauffenberg-schule.de\/wp-content\/uploads\/2025\/09\/Milo-1.3.jpg 1500w\" sizes=\"auto, (max-width: 768px) 100vw, 768px\" \/><\/a><\/figure>\n\n\n\n<figure class=\"wp-block-image size-large\"><a href=\"https:\/\/www.claus-von-stauffenberg-schule.de\/wp-content\/uploads\/2025\/09\/Milo-1.2-scaled.jpg\"><img loading=\"lazy\" decoding=\"async\" width=\"768\" height=\"1024\" data-id=\"13566\" src=\"https:\/\/www.claus-von-stauffenberg-schule.de\/wp-content\/uploads\/2025\/09\/Milo-1.2-768x1024.jpg\" alt=\"\" class=\"wp-image-13566\" srcset=\"https:\/\/www.claus-von-stauffenberg-schule.de\/wp-content\/uploads\/2025\/09\/Milo-1.2-768x1024.jpg 768w, https:\/\/www.claus-von-stauffenberg-schule.de\/wp-content\/uploads\/2025\/09\/Milo-1.2-225x300.jpg 225w, https:\/\/www.claus-von-stauffenberg-schule.de\/wp-content\/uploads\/2025\/09\/Milo-1.2-1152x1536.jpg 1152w, https:\/\/www.claus-von-stauffenberg-schule.de\/wp-content\/uploads\/2025\/09\/Milo-1.2-1536x2048.jpg 1536w, https:\/\/www.claus-von-stauffenberg-schule.de\/wp-content\/uploads\/2025\/09\/Milo-1.2-scaled.jpg 1920w\" sizes=\"auto, (max-width: 768px) 100vw, 768px\" \/><\/a><\/figure>\n\n\n\n<figure class=\"wp-block-image size-large\"><a href=\"https:\/\/www.claus-von-stauffenberg-schule.de\/wp-content\/uploads\/2025\/09\/Milo-1.1-scaled.jpg\"><img loading=\"lazy\" decoding=\"async\" width=\"768\" height=\"1024\" data-id=\"13564\" src=\"https:\/\/www.claus-von-stauffenberg-schule.de\/wp-content\/uploads\/2025\/09\/Milo-1.1-768x1024.jpg\" alt=\"\" class=\"wp-image-13564\" srcset=\"https:\/\/www.claus-von-stauffenberg-schule.de\/wp-content\/uploads\/2025\/09\/Milo-1.1-768x1024.jpg 768w, https:\/\/www.claus-von-stauffenberg-schule.de\/wp-content\/uploads\/2025\/09\/Milo-1.1-225x300.jpg 225w, https:\/\/www.claus-von-stauffenberg-schule.de\/wp-content\/uploads\/2025\/09\/Milo-1.1-1152x1536.jpg 1152w, https:\/\/www.claus-von-stauffenberg-schule.de\/wp-content\/uploads\/2025\/09\/Milo-1.1-1536x2048.jpg 1536w, https:\/\/www.claus-von-stauffenberg-schule.de\/wp-content\/uploads\/2025\/09\/Milo-1.1-scaled.jpg 1920w\" sizes=\"auto, (max-width: 768px) 100vw, 768px\" \/><\/a><\/figure>\n\n\n\n<figure class=\"wp-block-image size-large\"><a href=\"https:\/\/www.claus-von-stauffenberg-schule.de\/wp-content\/uploads\/2025\/09\/Milo-scaled.jpg\"><img loading=\"lazy\" decoding=\"async\" width=\"768\" height=\"1024\" data-id=\"13565\" src=\"https:\/\/www.claus-von-stauffenberg-schule.de\/wp-content\/uploads\/2025\/09\/Milo-768x1024.jpg\" alt=\"\" class=\"wp-image-13565\" srcset=\"https:\/\/www.claus-von-stauffenberg-schule.de\/wp-content\/uploads\/2025\/09\/Milo-768x1024.jpg 768w, https:\/\/www.claus-von-stauffenberg-schule.de\/wp-content\/uploads\/2025\/09\/Milo-225x300.jpg 225w, https:\/\/www.claus-von-stauffenberg-schule.de\/wp-content\/uploads\/2025\/09\/Milo-1152x1536.jpg 1152w, https:\/\/www.claus-von-stauffenberg-schule.de\/wp-content\/uploads\/2025\/09\/Milo-1536x2048.jpg 1536w, https:\/\/www.claus-von-stauffenberg-schule.de\/wp-content\/uploads\/2025\/09\/Milo-scaled.jpg 1920w\" sizes=\"auto, (max-width: 768px) 100vw, 768px\" \/><\/a><\/figure>\n<\/figure>\n","protected":false},"excerpt":{"rendered":"<p>\u201cFreundschaft ist eine Seele in zwei K\u00f6rpern.\u201d&nbsp; &nbsp; &nbsp; &nbsp; &nbsp; &nbsp; &nbsp; &nbsp; &nbsp; &nbsp; &nbsp; &nbsp; &nbsp;Aristoteles Liebe Schulgemeinde, unser Schulhund Milo ist in den Sommerferien eingeschlafen und nicht mehr aufgewacht.&nbsp; Er war so pr\u00e4sent in der Schule und hat mit Frau Stegner das Schulhund-Projekt f\u00fcr diese Schule [&hellip;]<\/p>\n","protected":false},"author":1,"featured_media":0,"parent":5085,"menu_order":0,"comment_status":"closed","ping_status":"closed","template":"","meta":{"ngg_post_thumbnail":0,"_themeisle_gutenberg_block_has_review":false,"footnotes":""},"class_list":["post-13561","page","type-page","status-publish","hentry"],"_links":{"self":[{"href":"https:\/\/www.claus-von-stauffenberg-schule.de\/index.php?rest_route=\/wp\/v2\/pages\/13561","targetHints":{"allow":["GET"]}}],"collection":[{"href":"https:\/\/www.claus-von-stauffenberg-schule.de\/index.php?rest_route=\/wp\/v2\/pages"}],"about":[{"href":"https:\/\/www.claus-von-stauffenberg-schule.de\/index.php?rest_route=\/wp\/v2\/types\/page"}],"author":[{"embeddable":true,"href":"https:\/\/www.claus-von-stauffenberg-schule.de\/index.php?rest_route=\/wp\/v2\/users\/1"}],"replies":[{"embeddable":true,"href":"https:\/\/www.claus-von-stauffenberg-schule.de\/index.php?rest_route=%2Fwp%2Fv2%2Fcomments&post=13561"}],"version-history":[{"count":1,"href":"https:\/\/www.claus-von-stauffenberg-schule.de\/index.php?rest_route=\/wp\/v2\/pages\/13561\/revisions"}],"predecessor-version":[{"id":13567,"href":"https:\/\/www.claus-von-stauffenberg-schule.de\/index.php?rest_route=\/wp\/v2\/pages\/13561\/revisions\/13567"}],"up":[{"embeddable":true,"href":"https:\/\/www.claus-von-stauffenberg-schule.de\/index.php?rest_route=\/wp\/v2\/pages\/5085"}],"wp:attachment":[{"href":"https:\/\/www.claus-von-stauffenberg-schule.de\/index.php?rest_route=%2Fwp%2Fv2%2Fmedia&parent=13561"}],"curies":[{"name":"wp","href":"https:\/\/api.w.org\/{rel}","templated":true}]}}