{"id":177,"date":"2012-02-24T20:49:23","date_gmt":"2012-02-24T20:49:23","guid":{"rendered":"http:\/\/wp.cvss.de\/?page_id=177"},"modified":"2022-02-16T13:50:01","modified_gmt":"2022-02-16T12:50:01","slug":"schulgebaude","status":"publish","type":"page","link":"https:\/\/www.claus-von-stauffenberg-schule.de\/?page_id=177","title":{"rendered":"Schulgeb\u00e4ude"},"content":{"rendered":"<p>Die Claus-von-Stauffenberg-Schule wurde im Jahr 1982 gebaut und 2008\/09 vollst\u00e4ndig renoviert. Die verkehrsberuhigte Lage, der Schulhof und einige Klassenr\u00e4ume mit Blick ins Gr\u00fcne bis zum Badesee Nieder-Roden bieten ein angenehmes Lernumfeld.<\/p>\n<p><a href=\"http:\/\/www.claus-von-stauffenberg-schule.de\/wp-content\/uploads\/2015\/05\/MG_9355bp1.jpg\"><img loading=\"lazy\" decoding=\"async\" class=\"  wp-image-4445 aligncenter\" src=\"http:\/\/www.claus-von-stauffenberg-schule.de\/wp-content\/uploads\/2015\/05\/MG_9355bp1-300x200.jpg\" alt=\"_MG_9355bp\" width=\"530\" height=\"354\" srcset=\"https:\/\/www.claus-von-stauffenberg-schule.de\/wp-content\/uploads\/2015\/05\/MG_9355bp1-300x200.jpg 300w, https:\/\/www.claus-von-stauffenberg-schule.de\/wp-content\/uploads\/2015\/05\/MG_9355bp1-1024x682.jpg 1024w, https:\/\/www.claus-von-stauffenberg-schule.de\/wp-content\/uploads\/2015\/05\/MG_9355bp1-450x300.jpg 450w, https:\/\/www.claus-von-stauffenberg-schule.de\/wp-content\/uploads\/2015\/05\/MG_9355bp1-900x600.jpg 900w, https:\/\/www.claus-von-stauffenberg-schule.de\/wp-content\/uploads\/2015\/05\/MG_9355bp1.jpg 1600w\" sizes=\"auto, (max-width: 530px) 100vw, 530px\" \/><\/a>Offenheit, Transparenz und selbstst\u00e4ndiges Lernen in angenehmer Atmosph\u00e4re werden als p\u00e4dagogische Prinzipien an der CvSS gro\u00df geschrieben. In der architektonischen Gestaltung des Schulgeb\u00e4udes findet man diese ganzheitlichen p\u00e4dagogischen Konzepte verwirklicht. Bereits beim Betreten der Schule wird dies direkt erfahrbar.<\/p>\n<div><span style=\"font-size: small;\"><img loading=\"lazy\" decoding=\"async\" style=\"margin-top: 10px; margin-bottom: 10px;\" src=\"\/medien\/Bilder\/20100129_1926445884_eingangshalle_1_compressed.jpg\" alt=\"Die Eingangshalle\" class=\"\" width=\"282\" vspace=\"10\" height=\"188\">&nbsp;&nbsp; <img loading=\"lazy\" decoding=\"async\" style=\"margin-top: 10px; margin-bottom: 10px;\" src=\"\/medien\/Bilder\/20100129_1483521726_multimediaraum_1_compressed.jpg\" alt=\"Der Multimedia-Raum\" class=\"\" width=\"283\" vspace=\"10\" height=\"188\"><\/span><\/div>\n<p>Der gro\u00dfz\u00fcgige Eingangsbereich der Schule vermittelt Freiraum, Nat\u00fcrlichkeit und Offenheit. Zentrales Element ist die Galerie, die einen unmittelbaren Gesamteindruck des Inneren der Schule er\u00f6ffnet und diesen Bereich mit ausreichend nat\u00fcrlichem Licht versorgt. Hier befindet sich auch die Cafeteria der Schule, die die Sch\u00fclerinnen und Sch\u00fcler sowie Lehrerinnen und Lehrer t\u00e4glich mit frischen Backwaren, Getr\u00e4nken, S\u00fc\u00dfigkeiten, Eis und warmen Gerichten zur Mittagszeit versorgt.&nbsp; So wird dieser zentrale Innenbereich der Schule zu einem Ort, der nicht nur in Pausen einen gemeinsamen Treffpunkt f\u00fcr den offenen, pers\u00f6nlichen Austausch darstellt.<\/p>\n<div>&nbsp;&nbsp;&nbsp; &nbsp;&nbsp;&nbsp; &nbsp;<\/div>\n<p align=\"center\">Der gro\u00dfz\u00fcgige und helle Multimedia-Raum der Schule bietet ebenfalls die M\u00f6glichkeit an Gruppentischen gemeinsam Themengebiete zu erarbeiten.<\/p>\n<p align=\"center\">Bei der Innenrenovierung blieben die zahlreichen von den Sch\u00fclerinnen und Sch\u00fclern gestalteten Wandbilder erhalten.<\/p>\n<p align=\"center\">&nbsp;&nbsp;&nbsp;&nbsp;&nbsp;&nbsp;&nbsp;&nbsp;&nbsp;&nbsp;&nbsp; &nbsp;<img loading=\"lazy\" decoding=\"async\" style=\"margin-top: 5px; margin-bottom: 5px;\" src=\"\/medien\/Bilder\/20100129_1913172181_klassenraum_1_compressed.jpg\" alt=\"Klassenraum\" class=\"\" width=\"254\" vspace=\"5\" height=\"169\">&nbsp;&nbsp;&nbsp; <img loading=\"lazy\" decoding=\"async\" style=\"margin-top: 5px; margin-bottom: 5px;\" src=\"\/medien\/Bilder\/20100129_1821794970_wand_1_compressed.jpg\" alt=\"Sch\u00fclerwand\" width=\"254\" vspace=\"5\" height=\"174\"><\/p>\n<p align=\"center\">&nbsp;&nbsp;&nbsp;&nbsp;&nbsp;&nbsp;&nbsp;&nbsp;&nbsp; &nbsp; &nbsp;<img loading=\"lazy\" decoding=\"async\" style=\"margin-top: 2px; margin-bottom: 2px;\" src=\"\/medien\/Bilder\/20100129_2082812332_wand_4_compressed.jpg\" alt=\"Sch\u00fclerwand\" class=\"\" width=\"252\" vspace=\"2\" height=\"168\">&nbsp;&nbsp;&nbsp;&nbsp; &nbsp;<img loading=\"lazy\" decoding=\"async\" style=\"margin-top: 2px; margin-bottom: 2px;\" src=\"\/medien\/Bilder\/20100129_2075282429_wand_5_compressed.jpg\" alt=\"Sch\u00fclerwand\" class=\"\" width=\"248\" vspace=\"2\" height=\"165\"><\/p>\n<p>F\u00fcr gro\u00dfe Veranstaltungen besitzt die Schule einen ebenfalls mit Multimediager\u00e4ten ausgestatteten H\u00f6rsaal.<\/p>\n<div><img loading=\"lazy\" decoding=\"async\" class=\"aligncenter\" style=\"margin-top: 10px; margin-bottom: 10px;\" src=\"\/medien\/Bilder\/20100129_1005995590_hoersaal_1_compressed.jpg\" alt=\"Der H\u00f6rsaal\" width=\"308\" vspace=\"10\" height=\"206\"><\/div>\n","protected":false},"excerpt":{"rendered":"<p>Die Claus-von-Stauffenberg-Schule wurde im Jahr 1982 gebaut und 2008\/09 vollst\u00e4ndig renoviert. Die verkehrsberuhigte Lage, der Schulhof und einige Klassenr\u00e4ume mit Blick ins Gr\u00fcne bis zum Badesee Nieder-Roden bieten ein angenehmes Lernumfeld. Offenheit, Transparenz und selbstst\u00e4ndiges Lernen in angenehmer Atmosph\u00e4re werden als p\u00e4dagogische Prinzipien an der CvSS gro\u00df geschrieben. In der [&hellip;]<\/p>\n","protected":false},"author":1,"featured_media":0,"parent":12,"menu_order":58,"comment_status":"closed","ping_status":"closed","template":"","meta":{"ngg_post_thumbnail":0,"_themeisle_gutenberg_block_has_review":false,"footnotes":""},"class_list":["post-177","page","type-page","status-publish","hentry"],"_links":{"self":[{"href":"https:\/\/www.claus-von-stauffenberg-schule.de\/index.php?rest_route=\/wp\/v2\/pages\/177","targetHints":{"allow":["GET"]}}],"collection":[{"href":"https:\/\/www.claus-von-stauffenberg-schule.de\/index.php?rest_route=\/wp\/v2\/pages"}],"about":[{"href":"https:\/\/www.claus-von-stauffenberg-schule.de\/index.php?rest_route=\/wp\/v2\/types\/page"}],"author":[{"embeddable":true,"href":"https:\/\/www.claus-von-stauffenberg-schule.de\/index.php?rest_route=\/wp\/v2\/users\/1"}],"replies":[{"embeddable":true,"href":"https:\/\/www.claus-von-stauffenberg-schule.de\/index.php?rest_route=%2Fwp%2Fv2%2Fcomments&post=177"}],"version-history":[{"count":6,"href":"https:\/\/www.claus-von-stauffenberg-schule.de\/index.php?rest_route=\/wp\/v2\/pages\/177\/revisions"}],"predecessor-version":[{"id":10949,"href":"https:\/\/www.claus-von-stauffenberg-schule.de\/index.php?rest_route=\/wp\/v2\/pages\/177\/revisions\/10949"}],"up":[{"embeddable":true,"href":"https:\/\/www.claus-von-stauffenberg-schule.de\/index.php?rest_route=\/wp\/v2\/pages\/12"}],"wp:attachment":[{"href":"https:\/\/www.claus-von-stauffenberg-schule.de\/index.php?rest_route=%2Fwp%2Fv2%2Fmedia&parent=177"}],"curies":[{"name":"wp","href":"https:\/\/api.w.org\/{rel}","templated":true}]}}