{"id":183,"date":"2017-09-07T13:11:15","date_gmt":"2017-09-07T11:11:15","guid":{"rendered":"http:\/\/wp.cvss.de\/?page_id=183"},"modified":"2025-08-29T10:43:07","modified_gmt":"2025-08-29T08:43:07","slug":"bibliothek","status":"publish","type":"page","link":"https:\/\/www.claus-von-stauffenberg-schule.de\/?page_id=183","title":{"rendered":"Bibliothek"},"content":{"rendered":"\n<p><strong>\u00d6ffnungszeiten Bibliothek\u00a0 (ab 04.09.2025)<\/strong><\/p>\n\n\n\n<p>Dienstag: 2 gro\u00dfe Pause (Lc)<\/p>\n\n\n\n<p>Mittwoch: 2. gro\u00dfe Pause (Tau)<\/p>\n\n\n\n<p>Donnerstag: 2. gro\u00dfe Pause (Tau)<\/p>\n\n\n\n<p>Freitag: 2 gro\u00dfe Pause (Lc)<\/p>\n","protected":false},"excerpt":{"rendered":"<p>\u00d6ffnungszeiten Bibliothek\u00a0 (ab 04.09.2025) Dienstag: 2 gro\u00dfe Pause (Lc) Mittwoch: 2. gro\u00dfe Pause (Tau) Donnerstag: 2. gro\u00dfe Pause (Tau) Freitag: 2 gro\u00dfe Pause (Lc)<\/p>\n","protected":false},"author":1,"featured_media":0,"parent":21,"menu_order":38,"comment_status":"closed","ping_status":"closed","template":"","meta":{"ngg_post_thumbnail":0,"_themeisle_gutenberg_block_has_review":false,"footnotes":""},"class_list":["post-183","page","type-page","status-publish","hentry"],"_links":{"self":[{"href":"https:\/\/www.claus-von-stauffenberg-schule.de\/index.php?rest_route=\/wp\/v2\/pages\/183","targetHints":{"allow":["GET"]}}],"collection":[{"href":"https:\/\/www.claus-von-stauffenberg-schule.de\/index.php?rest_route=\/wp\/v2\/pages"}],"about":[{"href":"https:\/\/www.claus-von-stauffenberg-schule.de\/index.php?rest_route=\/wp\/v2\/types\/page"}],"author":[{"embeddable":true,"href":"https:\/\/www.claus-von-stauffenberg-schule.de\/index.php?rest_route=\/wp\/v2\/users\/1"}],"replies":[{"embeddable":true,"href":"https:\/\/www.claus-von-stauffenberg-schule.de\/index.php?rest_route=%2Fwp%2Fv2%2Fcomments&post=183"}],"version-history":[{"count":34,"href":"https:\/\/www.claus-von-stauffenberg-schule.de\/index.php?rest_route=\/wp\/v2\/pages\/183\/revisions"}],"predecessor-version":[{"id":13556,"href":"https:\/\/www.claus-von-stauffenberg-schule.de\/index.php?rest_route=\/wp\/v2\/pages\/183\/revisions\/13556"}],"up":[{"embeddable":true,"href":"https:\/\/www.claus-von-stauffenberg-schule.de\/index.php?rest_route=\/wp\/v2\/pages\/21"}],"wp:attachment":[{"href":"https:\/\/www.claus-von-stauffenberg-schule.de\/index.php?rest_route=%2Fwp%2Fv2%2Fmedia&parent=183"}],"curies":[{"name":"wp","href":"https:\/\/api.w.org\/{rel}","templated":true}]}}