{"id":25,"date":"2012-02-04T20:51:39","date_gmt":"2012-02-04T20:51:39","guid":{"rendered":"http:\/\/wp.cvss.de\/?page_id=25"},"modified":"2022-10-13T19:03:11","modified_gmt":"2022-10-13T17:03:11","slug":"aktivitaten","status":"publish","type":"page","link":"https:\/\/www.claus-von-stauffenberg-schule.de\/?page_id=25","title":{"rendered":"Impressum"},"content":{"rendered":"\n<figure class=\"wp-block-table is-style-regular\"><table><tbody><tr><td><strong>Impressum:<\/strong><\/td><td><strong>Claus-von-Stauffenberg-Schule<br>Gymnasiale Oberstufenschule<\/strong><\/td><\/tr><tr><td><strong>Schulleitung:<\/strong><\/td><td>Schulleiterin: <strong>Frau Dagmar Emmerich<br><\/strong>Mainzer Stra\u00dfe 16<br>63110 Rodgau, Dudenhofen<br>Telefon: 06106\/280750<br>E-Mail:<strong><a href=\"mailto:verwaltung@claus-von-stauffenberg-schule.de\">verwaltung@claus-von-stauffenberg-schule.de<\/a><\/strong><\/td><\/tr><\/tbody><\/table><\/figure>\n\n\n\n<p>Die Administration der Homepage \u00fcbernimmt die Homepage AG. Sie k\u00f6nnen uns an <strong><a href=\"mailto:webmaster@claus-von-stauffenberg-schule.de\">webmaster@claus-von-stauffenberg-schule.de<\/a><\/strong> eine E-Mail senden.<\/p>\n\n\n\n<p><strong>Haftungshinweis:<\/strong><\/p>\n\n\n\n<p>Durch das Urteil vom 12. Mai 1998 &#8222;Haftung f\u00fcr Links&#8220; (312 O 85\/98) hat das Landesgericht Hamburg eindeutig entschieden, dass man durch die Anbringung eines Links die Inhalte der gelinkten Seite ggf. mit zu verantworten hat, also haftbar gemacht werden kann.<br>Dies kann nur dadurch verhindert werden, indem man sich ausdr\u00fccklich von diesen Inhalten distanziert. Die Webmaster distanzieren sich hiermit ausdr\u00fccklich von allen Inhalten s\u00e4mtlicher gelinkter Seiten von und auf www.cvss.de und verweisen darauf, dass sie weder Einfluss auf Gestaltung und Inhalte der gelinkten Seiten haben noch sich diese Inhalte zu eigen machen.<\/p>\n\n\n\n<p>Mit dem Bet\u00e4tigen eines Links wird das Angebot von &#8222;Claus-von-Stauffenberg-Schule&#8220; verlassen. F\u00fcr die Angebote Dritter k\u00f6nnen daher abweichende Regelungen gelten, insbesondere hinsichtlich des Datenschutzes.<\/p>\n\n\n\n<p>Irrt\u00fcmer und \u00c4nderungen vorbehalten.<\/p>\n\n\n\n<p><\/p>\n\n\n\n<h1 class=\"wp-block-heading\"><em>Datenschutzerkl\u00e4rung<\/em><\/h1>\n\n\n\n<p><strong>Schulischer Datenschutzbeauftragter:<\/strong> Kai Springer<br><strong>Vertreter: <\/strong>Tomislav Karacic<br>E-Mail: datenschutz@claus-von-stauffenberg-schule.de<\/p>\n\n\n\n<p>Die Datenschutzerkl\u00e4rung der Schule kann bei der Schulleitung auf Anfrage jederzeit eingesehen werden.<\/p>\n\n\n\n<h4 class=\"wp-block-heading\">Welche personenbezogenen Daten wir sammeln und warum wir sie sammeln<\/h4>\n\n\n\n<h5 class=\"wp-block-heading\">Kommentare<\/h5>\n\n\n\n<p>Wenn Besucher Kommentare auf der Website schreiben, sammeln wir die Daten, die im Kommentar-Formular angezeigt werden, au\u00dferdem die IP-Adresse des Besuchers und den User-Agent-String (damit wird der Browser identifiziert), um die Erkennung von Spam zu unterst\u00fctzen.<\/p>\n\n\n\n<p>Aus deiner E-Mail-Adresse kann eine anonymisierte Zeichenfolge erstellt (auch Hash genannt) und dem Gravatar-Dienst \u00fcbergeben werden, um zu pr\u00fcfen, ob du diesen benutzt. Die Datenschutzerkl\u00e4rung des Gravatar-Dienstes findest du hier: https:\/\/automattic.com\/privacy\/. Nachdem dein Kommentar freigegeben wurde, ist dein Profilbild \u00f6ffentlich im Kontext deines Kommentars sichtbar.<\/p>\n\n\n\n<h5 class=\"wp-block-heading\">Medien<\/h5>\n\n\n\n<p>Wenn du ein registrierter Benutzer bist und Fotos auf diese Website l\u00e4dst, solltest du vermeiden, Fotos mit einem EXIF-GPS-Standort hochzuladen. Besucher dieser Website k\u00f6nnten Fotos, die auf dieser Website gespeichert sind, herunterladen und deren Standort-Informationen extrahieren.<\/p>\n\n\n\n<h5 class=\"wp-block-heading\">Cookies<\/h5>\n\n\n\n<p>Wenn du einen Kommentar auf unserer Website schreibst, kann das eine Einwilligung sein, deinen Namen, E-Mail-Adresse und Website in Cookies zu speichern. Dies ist eine Komfortfunktion, damit du nicht, wenn du einen weiteren Kommentar schreibst, all diese Daten erneut eingeben musst. Diese Cookies werden ein Jahr lang gespeichert.<\/p>\n\n\n\n<p>Falls du ein Konto hast und dich auf dieser Website anmeldest, werden wir ein tempor\u00e4res Cookie setzen, um festzustellen, ob dein Browser Cookies akzeptiert. Dieses Cookie enth\u00e4lt keine personenbezogenen Daten und wird verworfen, wenn du deinen Browser schlie\u00dft.<\/p>\n\n\n\n<p>Wenn du dich anmeldest, werden wir einige Cookies einrichten, um deine Anmeldeinformationen und Anzeigeoptionen zu speichern. Anmelde-Cookies verfallen nach zwei Tagen und Cookies f\u00fcr die Anzeigeoptionen nach einem Jahr. Falls du bei der Anmeldung \u201eAngemeldet bleiben\u201c ausw\u00e4hlst, wird deine Anmeldung zwei Wochen lang aufrechterhalten. Mit der Abmeldung aus deinem Konto werden die Anmelde-Cookies gel\u00f6scht.<\/p>\n\n\n\n<p>Wenn du einen Artikel bearbeitest oder ver\u00f6ffentlichst, wird ein zus\u00e4tzlicher Cookie in deinem Browser gespeichert. Dieser Cookie enth\u00e4lt keine personenbezogenen Daten und verweist nur auf die Beitrags-ID des Artikels, den du gerade bearbeitet hast. Der Cookie verf\u00e4llt nach einem Tag.<\/p>\n\n\n\n<h5 class=\"wp-block-heading\">Ehemaligendatenbank<\/h5>\n\n\n\n<p>Wir verwenden die uns freiwillig zur Verf\u00fcgung gestellten E-Mail-Adressen, Namen und Jahrgang von ehemaligen Sch\u00fclerinnen und Sch\u00fclern zum Versand von E-Mails im Rahmen der Schulgemeinde wie z.B. Ank\u00fcndigung des Ehemaligenfestes. Diese werden \u00fcber die Plattform Mailchimp.com nur zu diesem Zweck verwendet. Eine Weitergabe ist ausgeschlossen. Auf Anfrage k\u00f6nnen diese Daten jederzeit gel\u00f6scht werden.<\/p>\n\n\n\n<h5 class=\"wp-block-heading\">Eingebettete Inhalte von anderen Websites<\/h5>\n\n\n\n<p>Beitr\u00e4ge auf dieser Website k\u00f6nnen eingebettete Inhalte beinhalten (z.&nbsp;B. Videos, Bilder, Beitr\u00e4ge etc.). Eingebettete Inhalte von anderen Websites verhalten sich exakt so, als ob der Besucher die andere Website besucht h\u00e4tte.<\/p>\n\n\n\n<p>Diese Websites k\u00f6nnen Daten \u00fcber dich sammeln, Cookies benutzen, zus\u00e4tzliche Tracking-Dienste von Dritten einbetten und deine Interaktion mit diesem eingebetteten Inhalt aufzeichnen, inklusive deiner Interaktion mit dem eingebetteten Inhalt, falls du ein Konto hast und auf dieser Website angemeldet bist.<\/p>\n\n\n\n<h5 class=\"wp-block-heading\">Wie lange wir deine Daten speichern<\/h5>\n\n\n\n<p>Wenn du einen Kommentar schreibst, wird dieser inklusive Metadaten zeitlich unbegrenzt gespeichert. Auf diese Art k\u00f6nnen wir Folgekommentare automatisch erkennen und freigeben, anstelle sie in einer Moderations-Warteschlange festzuhalten.<\/p>\n\n\n\n<p>F\u00fcr Benutzer, die sich auf unserer Website registrieren, speichern wir zus\u00e4tzlich die pers\u00f6nlichen Informationen, die sie in ihren Benutzerprofilen angeben. Alle Benutzer k\u00f6nnen jederzeit ihre pers\u00f6nlichen Informationen einsehen, ver\u00e4ndern oder l\u00f6schen (der Benutzername kann nicht ver\u00e4ndert werden). Administratoren der Website k\u00f6nnen diese Informationen ebenfalls einsehen und ver\u00e4ndern.<\/p>\n\n\n\n<h5 class=\"wp-block-heading\">Welche Rechte du an deinen Daten hast<\/h5>\n\n\n\n<p>Wenn du ein Konto auf dieser Website besitzt oder Kommentare geschrieben hast, kannst du einen Export deiner personenbezogenen Daten bei uns anfordern, inklusive aller Daten, die du uns mitgeteilt hast. Dar\u00fcber hinaus kannst du die L\u00f6schung aller personenbezogenen Daten, die wir von dir gespeichert haben, anfordern. Dies umfasst nicht die Daten, die wir aufgrund administrativer, rechtlicher oder sicherheitsrelevanter Notwendigkeiten aufbewahren m\u00fcssen.<\/p>\n\n\n\n<h5 class=\"wp-block-heading\">Wohin wir deine Daten senden<\/h5>\n\n\n\n<p>Besucher-Kommentare k\u00f6nnten von einem automatisierten Dienst zur Spam-Erkennung untersucht werden.<\/p>\n\n\n\n<h3 class=\"wp-block-heading\">&nbsp;<\/h3>\n","protected":false},"excerpt":{"rendered":"<p>Impressum: Claus-von-Stauffenberg-SchuleGymnasiale Oberstufenschule Schulleitung: Schulleiterin: Frau Dagmar EmmerichMainzer Stra\u00dfe 1663110 Rodgau, DudenhofenTelefon: 06106\/280750E-Mail:verwaltung@claus-von-stauffenberg-schule.de Die Administration der Homepage \u00fcbernimmt die Homepage AG. Sie k\u00f6nnen uns an webmaster@claus-von-stauffenberg-schule.de eine E-Mail senden. Haftungshinweis: Durch das Urteil vom 12. Mai 1998 &#8222;Haftung f\u00fcr Links&#8220; (312 O 85\/98) hat das Landesgericht Hamburg eindeutig entschieden, dass [&hellip;]<\/p>\n","protected":false},"author":1,"featured_media":0,"parent":0,"menu_order":78,"comment_status":"open","ping_status":"open","template":"","meta":{"ngg_post_thumbnail":0,"_themeisle_gutenberg_block_has_review":false,"footnotes":""},"class_list":["post-25","page","type-page","status-publish","hentry"],"_links":{"self":[{"href":"https:\/\/www.claus-von-stauffenberg-schule.de\/index.php?rest_route=\/wp\/v2\/pages\/25","targetHints":{"allow":["GET"]}}],"collection":[{"href":"https:\/\/www.claus-von-stauffenberg-schule.de\/index.php?rest_route=\/wp\/v2\/pages"}],"about":[{"href":"https:\/\/www.claus-von-stauffenberg-schule.de\/index.php?rest_route=\/wp\/v2\/types\/page"}],"author":[{"embeddable":true,"href":"https:\/\/www.claus-von-stauffenberg-schule.de\/index.php?rest_route=\/wp\/v2\/users\/1"}],"replies":[{"embeddable":true,"href":"https:\/\/www.claus-von-stauffenberg-schule.de\/index.php?rest_route=%2Fwp%2Fv2%2Fcomments&post=25"}],"version-history":[{"count":13,"href":"https:\/\/www.claus-von-stauffenberg-schule.de\/index.php?rest_route=\/wp\/v2\/pages\/25\/revisions"}],"predecessor-version":[{"id":11494,"href":"https:\/\/www.claus-von-stauffenberg-schule.de\/index.php?rest_route=\/wp\/v2\/pages\/25\/revisions\/11494"}],"wp:attachment":[{"href":"https:\/\/www.claus-von-stauffenberg-schule.de\/index.php?rest_route=%2Fwp%2Fv2%2Fmedia&parent=25"}],"curies":[{"name":"wp","href":"https:\/\/api.w.org\/{rel}","templated":true}]}}