{"id":274,"date":"2012-03-23T10:59:33","date_gmt":"2012-03-23T10:59:33","guid":{"rendered":"http:\/\/wp.cvss.de\/?page_id=274"},"modified":"2025-06-25T09:08:46","modified_gmt":"2025-06-25T07:08:46","slug":"berufsberatung","status":"publish","type":"page","link":"https:\/\/www.claus-von-stauffenberg-schule.de\/?page_id=274","title":{"rendered":"Allg. Informationen"},"content":{"rendered":"\n<p>Liebe Sch\u00fclerinnen und Sch\u00fcler, liebe Eltern,<\/p>\n\n\n\n<p><br>diese Seite informiert Sie \u00fcber die wesentlichen Grundlagen zur beruflichen Orientierung (BO) an der CvSS. Unter den folgenden Links sind n\u00e4here Informationen zu den einzelnen Bereichen der BO mit den entsprechenden Ansprechpartnern aufgef\u00fchrt. Bei Fragen und Anregungen k\u00f6nnen Sie sich \u2013 schriftlich oder in direkter Ansprache \u2013 an Frau Tauscher wenden (maria.tauscher@cvss.de).<br>Des Weiteren sei an dieser Stelle auch auf die Informationsmaterialien, Aush\u00e4nge und den Kalender im Schulportal hingewiesen, welche \u00fcber aktuelle Infoveranstaltungen von Universit\u00e4ten, Firmen etc. und Ausbildungs- und Studienm\u00f6glichkeiten informieren.<br>Die Grundlage f\u00fcr die BO stellt die \u201eVerordnung zur Ausgestaltung der beruflichen Orientierung in Schulen\u201c dar.<br>Um alle Bereich der BO der CvSS gewinnbringend und zukunftsorientiert nutzen zu k\u00f6nnen, ist es sinnvoll sich folgende Punkte\/ Fragen n\u00e4her anzuschauen.<\/p>\n\n\n\n<p><br>1.) Was sind meine F\u00e4higkeiten?<br>Ergr\u00fcndet und pr\u00fcft eure F\u00e4higkeiten und Interessen bezieht dabei auch eure Fertigkeiten und Neigungen mit ein. Welche Ziele sollen im Leben erreicht werden? Dies kann \u00fcber Gespr\u00e4che mit Eltern, Lehrern und Freunden erfolgen. Auch gibt es eine gro\u00dfe Anzahl an Online-Tests, die euch dabei unterst\u00fctzen k\u00f6nnen.<br>2.) Recherche<br>Recherchiert und informiert euch \u00fcber die verschiedenen beruflichen T\u00e4tigkeitsfelder, Berufsfelder und Berufe. Nutz dazu wiederum euer Umfeld, aber auch die Informationsmaterialien, die in der Schule ausliegen, die verschiedenen Berufsmessen, Beratung bei der Arbeitsagentur oder die einzelnen Veranstaltungen der beruflichen Orientierung der CvSS.<br>3.) Entscheidung \u00fcber Ausbildungsg\u00e4nge<br>Durch die eingeholten Informationen solltet ihr euch f\u00fcr einen m\u00f6glichen Ausbildungsgang (Studium an einer Universit\u00e4t, Fachhochschule oder dualen Hochschule; betriebliche Berufsausbildung; schulische Berufsausbildung) entscheiden und dazu spezifische Informationen (Studien- oder Ausbildungsort, Zulassungsbedingen, Voraussetzungen, ev. Kosten und Stipendien, Baf\u00f6g) einholen. Dies kann u.a. durch das Internet, Informationsmaterial der Schule oder durch die Bundesagentur f\u00fcr Arbeit erfolgen.<\/p>\n\n\n\n<p><a href=\"\/medien\/pdf\/Uebersicht_BO.pdf\">\u00dcbersicht der beruflichen Orientierung<\/a><\/p>\n\n\n\n<p><a href=\"http:\/\/www.claus-von-stauffenberg-schule.de\/?page_id=4912\">Berufsinformationswoche<\/a><\/p>\n\n\n\n<p><a href=\"http:\/\/www.claus-von-stauffenberg-schule.de\/?page_id=4914\">Praktikum<\/a><\/p>\n\n\n\n<p><a href=\"http:\/\/www.claus-von-stauffenberg-schule.de\/?page_id=4891\">Bundesagentur f\u00fcr Arbeit<\/a><\/p>\n\n\n\n<p><\/p>\n","protected":false},"excerpt":{"rendered":"<p>Liebe Sch\u00fclerinnen und Sch\u00fcler, liebe Eltern, diese Seite informiert Sie \u00fcber die wesentlichen Grundlagen zur beruflichen Orientierung (BO) an der CvSS. Unter den folgenden Links sind n\u00e4here Informationen zu den einzelnen Bereichen der BO mit den entsprechenden Ansprechpartnern aufgef\u00fchrt. Bei Fragen und Anregungen k\u00f6nnen Sie sich \u2013 schriftlich oder in [&hellip;]<\/p>\n","protected":false},"author":1,"featured_media":0,"parent":4920,"menu_order":63,"comment_status":"closed","ping_status":"closed","template":"","meta":{"ngg_post_thumbnail":0,"_themeisle_gutenberg_block_has_review":false,"footnotes":""},"class_list":["post-274","page","type-page","status-publish","hentry"],"_links":{"self":[{"href":"https:\/\/www.claus-von-stauffenberg-schule.de\/index.php?rest_route=\/wp\/v2\/pages\/274","targetHints":{"allow":["GET"]}}],"collection":[{"href":"https:\/\/www.claus-von-stauffenberg-schule.de\/index.php?rest_route=\/wp\/v2\/pages"}],"about":[{"href":"https:\/\/www.claus-von-stauffenberg-schule.de\/index.php?rest_route=\/wp\/v2\/types\/page"}],"author":[{"embeddable":true,"href":"https:\/\/www.claus-von-stauffenberg-schule.de\/index.php?rest_route=\/wp\/v2\/users\/1"}],"replies":[{"embeddable":true,"href":"https:\/\/www.claus-von-stauffenberg-schule.de\/index.php?rest_route=%2Fwp%2Fv2%2Fcomments&post=274"}],"version-history":[{"count":15,"href":"https:\/\/www.claus-von-stauffenberg-schule.de\/index.php?rest_route=\/wp\/v2\/pages\/274\/revisions"}],"predecessor-version":[{"id":13461,"href":"https:\/\/www.claus-von-stauffenberg-schule.de\/index.php?rest_route=\/wp\/v2\/pages\/274\/revisions\/13461"}],"up":[{"embeddable":true,"href":"https:\/\/www.claus-von-stauffenberg-schule.de\/index.php?rest_route=\/wp\/v2\/pages\/4920"}],"wp:attachment":[{"href":"https:\/\/www.claus-von-stauffenberg-schule.de\/index.php?rest_route=%2Fwp%2Fv2%2Fmedia&parent=274"}],"curies":[{"name":"wp","href":"https:\/\/api.w.org\/{rel}","templated":true}]}}