{"id":316,"date":"2012-03-26T11:46:46","date_gmt":"2012-03-26T11:46:46","guid":{"rendered":"http:\/\/wp.cvss.de\/?page_id=316"},"modified":"2015-11-17T14:32:37","modified_gmt":"2015-11-17T12:32:37","slug":"italienaustausch","status":"publish","type":"page","link":"https:\/\/www.claus-von-stauffenberg-schule.de\/?page_id=316","title":{"rendered":"Italienaustausch"},"content":{"rendered":"<p>Vom 02. bis 09. Mai bekam die Schule Besuch aus Italien. Wie jedes Jahr besuchen zwei italienische Lehrer und ein paar italienische Sch\u00fcler und Sch\u00fclerinnen unsere Schule oder umgedreht. Dieses Jahr reisten die Italiener zu uns.<\/p>\n<p>Am Samstagabend kamen 15 italienische G\u00e4ste und zwei Lehrer mit dem Zug in Hanau an. Den Abend und den ganzen Sonntag verbrachten sie bei ihren Gastfamilien.<br \/>\nAm Montag morgen wurden die Italiner und Italienerinnen herzlich Willkommen gehei\u00dfen und verbrachten die restliche Unterrichtszeit bei ihren Austauschpartnern.<br \/>\nAm Dienstag fuhr die ausl\u00e4ndische Gruppe nach Darmstadt zur Mathildenh\u00f6he, den restlichen Tag verbrachten sie bei ihren neuen Bekanntschaften.<br \/>\nAm n\u00e4chsten Tag stand ein Halbtagesausflug nach Frankfurt inklusive Stadtf\u00fchrung an. Abends f\u00fchrte dann der Musik LK 13 musikalisch durch das Literatur-Caf\u00e9.<br \/>\nF\u00fcr Donnerstag war ein Besuch im Brentanohaus geplant. Dieses geh\u00f6rt der italienischen Familie Brentano, die in ihrer Zeit mit Goethe befreundet waren.<br \/>\nFreitag besuchten die Sch\u00fcler und Sch\u00fclerinnen nochmals den Unterricht der Austauschpartner. Anschlie\u00dfend gab es ein Abschieds-Kuchen-Essen zusammen mit den gastgebenden Eltern.<br \/>\nFr\u00fch am Samstagmorgen mussten wir uns von unseren italienischen G\u00e4sten wieder verabschieden, denn unsere neuen Freunde traten die Heimreise an.<\/p>\n<p>Es war eine sch\u00f6ne Zeit, wenn auch viel zu kurz. Aber wir freuen uns schon auf das n\u00e4chste Jahr, in dem wir Deutschen nach Italien zu unseren Austauschpartnern reisen.<\/p>\n","protected":false},"excerpt":{"rendered":"<p>Vom 02. bis 09. Mai bekam die Schule Besuch aus Italien. Wie jedes Jahr besuchen zwei italienische Lehrer und ein paar italienische Sch\u00fcler und Sch\u00fclerinnen unsere Schule oder umgedreht. Dieses Jahr reisten die Italiener zu uns. Am Samstagabend kamen 15 italienische G\u00e4ste und zwei Lehrer mit dem Zug in Hanau [&hellip;]<\/p>\n","protected":false},"author":1,"featured_media":0,"parent":5098,"menu_order":35,"comment_status":"closed","ping_status":"closed","template":"sidebar-page.php","meta":{"ngg_post_thumbnail":0,"_themeisle_gutenberg_block_has_review":false,"footnotes":""},"class_list":["post-316","page","type-page","status-publish","hentry"],"_links":{"self":[{"href":"https:\/\/www.claus-von-stauffenberg-schule.de\/index.php?rest_route=\/wp\/v2\/pages\/316","targetHints":{"allow":["GET"]}}],"collection":[{"href":"https:\/\/www.claus-von-stauffenberg-schule.de\/index.php?rest_route=\/wp\/v2\/pages"}],"about":[{"href":"https:\/\/www.claus-von-stauffenberg-schule.de\/index.php?rest_route=\/wp\/v2\/types\/page"}],"author":[{"embeddable":true,"href":"https:\/\/www.claus-von-stauffenberg-schule.de\/index.php?rest_route=\/wp\/v2\/users\/1"}],"replies":[{"embeddable":true,"href":"https:\/\/www.claus-von-stauffenberg-schule.de\/index.php?rest_route=%2Fwp%2Fv2%2Fcomments&post=316"}],"version-history":[{"count":3,"href":"https:\/\/www.claus-von-stauffenberg-schule.de\/index.php?rest_route=\/wp\/v2\/pages\/316\/revisions"}],"predecessor-version":[{"id":4154,"href":"https:\/\/www.claus-von-stauffenberg-schule.de\/index.php?rest_route=\/wp\/v2\/pages\/316\/revisions\/4154"}],"up":[{"embeddable":true,"href":"https:\/\/www.claus-von-stauffenberg-schule.de\/index.php?rest_route=\/wp\/v2\/pages\/5098"}],"wp:attachment":[{"href":"https:\/\/www.claus-von-stauffenberg-schule.de\/index.php?rest_route=%2Fwp%2Fv2%2Fmedia&parent=316"}],"curies":[{"name":"wp","href":"https:\/\/api.w.org\/{rel}","templated":true}]}}