{"id":36,"date":"2012-02-06T14:20:24","date_gmt":"2012-02-06T12:20:24","guid":{"rendered":"http:\/\/wp.cvss.de\/?page_id=36"},"modified":"2026-01-21T13:28:13","modified_gmt":"2026-01-21T12:28:13","slug":"anmeldung","status":"publish","type":"page","link":"https:\/\/www.claus-von-stauffenberg-schule.de\/?page_id=36","title":{"rendered":"Anmeldung"},"content":{"rendered":"<p><strong>Anmeldeformulare f\u00fcr E- und Q-Phase<br><\/strong><\/p>\n<p>Die Anmeldung f\u00fcr das <strong>Schuljahr 2026\/27 <\/strong>und weitere Informationen stehen hier zum Download bereit. Sie gelten f\u00fcr Sch\u00fclerinnen und Sch\u00fcler, die nicht aus dem Schulverbund kommen.<\/p>\n<p><span>Gerne k\u00f6nnen Sie uns die Anmeldeformulare auch per Email an <a href=\"mailto:verwaltung@cvss.de\">verwaltung@cvss.de<\/a> zukommen lassen.<\/span><\/p>\n<p><strong>Schuljahr 2026 \/ 27<\/strong><\/p>\n<p><strong><a title=\"Anmeldeformular\" href=\"\/medien\/pdf\/Schulleitung\/Anmeldung\/Anmeldung_E_2026-27.pdf\" target=\"_blank\" rel=\"noopener noreferrer\">Anmeldeformular \/ Anmeldeinformationen f\u00fcr die E-Phase<\/a><\/strong><\/p>\n<p><strong><a href=\"\/medien\/pdf\/Schulleitung\/Anmeldung\/Anlage_Anmeldung_E_2026-27.pdf\">Anlage zur Anmeldung f\u00fcr die E-Phase<\/a><\/strong><\/p>\n<p><strong><a title=\"Anmeldeformular\" href=\"\/medien\/pdf\/Schulleitung\/Anmeldung\/Anmeldung_Q_2026-27.pdf\" target=\"_blank\" rel=\"noopener noreferrer\">Anmeldeformular f\u00fcr die Q-Phase<\/a><\/strong><\/p>\n<p><strong>Schuljahr 2025 \/ 26<br><\/strong><\/p>\n<p><strong><a title=\"Anmeldeformular\" href=\"\/medien\/pdf\/Schulleitung\/Anmeldung\/Anmeldung_E_2025-26.pdf\" target=\"_blank\" rel=\"noopener noreferrer\">Anmeldeformular \/ Anmeldeinformationen f\u00fcr die E-Phase<\/a><\/strong><\/p>\n<p><strong><a title=\"Anmeldeformular\" href=\"\/medien\/pdf\/Schulleitung\/Anmeldung\/Anmeldung_Q_2025-26.pdf\" target=\"_blank\" rel=\"noopener noreferrer\">Anmeldeformular f\u00fcr die Q-Phase<\/a><\/strong><\/p>\n<p><strong>Betriebspraktikum<\/strong><\/p>\n<p>Im Land Hessen ist ein zweiw\u00f6chiges Betriebspraktikum in der Oberstufe f\u00fcr alle Schulen verbindlich eingef\u00fchrt worden. F\u00fcr die Claus-von-Stauffenberg-Schule werden daher die Sch\u00fclerinnen und Sch\u00fcler der Einf\u00fchrungsphase ein Betriebspraktikum absolvieren. Sinnvoll ist es, sich rechtzeitig um einen Praktikumsplatz bem\u00fchen.<\/p>\n<p><strong>Eintragung in die Ehemaligendatenbank<\/strong><\/p>\n<script>(function() {\n\twindow.mc4wp = window.mc4wp || {\n\t\tlisteners: [],\n\t\tforms: {\n\t\t\ton: function(evt, cb) {\n\t\t\t\twindow.mc4wp.listeners.push(\n\t\t\t\t\t{\n\t\t\t\t\t\tevent   : evt,\n\t\t\t\t\t\tcallback: cb\n\t\t\t\t\t}\n\t\t\t\t);\n\t\t\t}\n\t\t}\n\t}\n})();\n<\/script><!-- Mailchimp for WordPress v4.12.1 - https:\/\/wordpress.org\/plugins\/mailchimp-for-wp\/ --><form id=\"mc4wp-form-1\" class=\"mc4wp-form mc4wp-form-5625\" method=\"post\" data-id=\"5625\" data-name=\"Ehemaligendatenbank der Claus-von-Stauffenberg Schule\" ><div class=\"mc4wp-form-fields\"><label>\r\n    <input name=\"AGREE_TO_TERMS\" value=\"1\" required=\"\" type=\"checkbox\">Ich stimme der Verwendung meiner Daten zu, um mir Informationen im Rahmen\r\n    der Ehemaligendatenbank zu \u00fcbermitteln.<\/label>\r\n<p>\r\n    <label>Abiturjahrgang<\/label>\r\n    <input type=\"number\" name=\"MMERGE7\" required>\r\n<\/p>\r\n<p>\r\n    <label>Tutorium<\/label>\r\n    <input type=\"text\" name=\"MMERGE5\" required>\r\n<\/p>\r\n<p>\r\n    <label>Name<\/label>\r\n    <input type=\"text\" name=\"MMERGE4\" required>\r\n<\/p>\r\n<p>\r\n\t<label>E-Mail Adresse: <\/label>\r\n\t<input type=\"email\" name=\"EMAIL\" placeholder=\"Deine E-Mail Adresse\" required \/>\r\n<\/p>\r\n\r\n<p>\r\n\t<input type=\"submit\" value=\"Registrieren\" \/>\r\n<\/p><\/div><label style=\"display: none !important;\">Wenn du ein Mensch bist, lasse das Feld leer: <input type=\"text\" name=\"_mc4wp_honeypot\" value=\"\" tabindex=\"-1\" autocomplete=\"off\" \/><\/label><input type=\"hidden\" name=\"_mc4wp_timestamp\" value=\"1775586704\" \/><input type=\"hidden\" name=\"_mc4wp_form_id\" value=\"5625\" \/><input type=\"hidden\" name=\"_mc4wp_form_element_id\" value=\"mc4wp-form-1\" \/><div class=\"mc4wp-response\"><\/div><\/form><!-- \/ Mailchimp for WordPress Plugin -->\n\n\n<p><\/p>\n","protected":false},"excerpt":{"rendered":"<p>Anmeldeformulare f\u00fcr E- und Q-Phase Die Anmeldung f\u00fcr das Schuljahr 2026\/27 und weitere Informationen stehen hier zum Download bereit. Sie gelten f\u00fcr Sch\u00fclerinnen und Sch\u00fcler, die nicht aus dem Schulverbund kommen. Gerne k\u00f6nnen Sie uns die Anmeldeformulare auch per Email an verwaltung@cvss.de zukommen lassen. Schuljahr 2026 \/ 27 Anmeldeformular \/ [&hellip;]<\/p>\n","protected":false},"author":1,"featured_media":0,"parent":0,"menu_order":77,"comment_status":"closed","ping_status":"closed","template":"","meta":{"ngg_post_thumbnail":0,"_themeisle_gutenberg_block_has_review":false,"footnotes":""},"class_list":["post-36","page","type-page","status-publish","hentry"],"_links":{"self":[{"href":"https:\/\/www.claus-von-stauffenberg-schule.de\/index.php?rest_route=\/wp\/v2\/pages\/36","targetHints":{"allow":["GET"]}}],"collection":[{"href":"https:\/\/www.claus-von-stauffenberg-schule.de\/index.php?rest_route=\/wp\/v2\/pages"}],"about":[{"href":"https:\/\/www.claus-von-stauffenberg-schule.de\/index.php?rest_route=\/wp\/v2\/types\/page"}],"author":[{"embeddable":true,"href":"https:\/\/www.claus-von-stauffenberg-schule.de\/index.php?rest_route=\/wp\/v2\/users\/1"}],"replies":[{"embeddable":true,"href":"https:\/\/www.claus-von-stauffenberg-schule.de\/index.php?rest_route=%2Fwp%2Fv2%2Fcomments&post=36"}],"version-history":[{"count":55,"href":"https:\/\/www.claus-von-stauffenberg-schule.de\/index.php?rest_route=\/wp\/v2\/pages\/36\/revisions"}],"predecessor-version":[{"id":13794,"href":"https:\/\/www.claus-von-stauffenberg-schule.de\/index.php?rest_route=\/wp\/v2\/pages\/36\/revisions\/13794"}],"wp:attachment":[{"href":"https:\/\/www.claus-von-stauffenberg-schule.de\/index.php?rest_route=%2Fwp%2Fv2%2Fmedia&parent=36"}],"curies":[{"name":"wp","href":"https:\/\/api.w.org\/{rel}","templated":true}]}}