{"id":4912,"date":"2015-09-29T13:37:46","date_gmt":"2015-09-29T11:37:46","guid":{"rendered":"http:\/\/56836347.swh.strato-hosting.eu\/?page_id=4912"},"modified":"2025-06-23T10:33:42","modified_gmt":"2025-06-23T08:33:42","slug":"berufs-und-studieninformationswoche","status":"publish","type":"page","link":"https:\/\/www.claus-von-stauffenberg-schule.de\/?page_id=4912","title":{"rendered":"Berufsinformationswoche"},"content":{"rendered":"\n<p>Liebe Sch\u00fclerinnen und Sch\u00fcler,<\/p>\n\n\n\n<p>die Berufsinformationswoche der CvSS findet nicht mehr statt und wurde durch verschiedene Bausteine im laufenden Schuljahr ersetzt. Diese k\u00f6nnt ihr dem Kalender sowie der \u00dcbersicht unter dem Link \u201e\u00dcbersicht \u00fcber die BO-Bausteine der CvSS\u201c einsehen.<\/p>\n\n\n\n<p>Es ist es wichtig, dass ihr schnell und aktuell an Informationen kommt, die euch bei der Berufswahl unterst\u00fctzen.<\/p>\n\n\n\n<p>Dies kann auf mehreren Wegen erfolgen:<\/p>\n\n\n\n<ul class=\"wp-block-list\">\n<li>die Tutoren \u2013 und nat\u00fcrlich auch alle anderen Lehrkr\u00e4fte \u2013 k\u00f6nnen sich Materialien \u00fcber den unten beschriebenen Weg von Moodle herunterladen und in den (Tutoren-) Stunden einsetzen.<br><br><\/li>\n\n\n\n<li>Jeder kann Kontakt zu Frau Seyrling (Bundesagentur f\u00fcr Arbeit) aufnehmen und sich bez\u00fcglich Ausbildung etc. beraten lassen. Die Terminvergabe und weitere Organisation erfolgt \u00fcber Frau Tauscher. Dazu reicht eine Nachricht \u00fcber das Schulportal.<br><br><\/li>\n\n\n\n<li>Angebote von Universit\u00e4ten, Firmen, Ausbildungsmessen etc. k\u00f6nnen zeitnah \u00fcber Moodle und den Kalender abgerufen werden.<\/li>\n\n\n\n<li>In der Aula liegen in der BO-Ecke verschiedenste Brosch\u00fcren und Zeitschriften aus. Auch bieten die Plakate zus\u00e4tzliche Informationen.<br><br><\/li>\n\n\n\n<li>Beratung bei Frau Tauscher sowie <strong>d<\/strong><strong>e<\/strong><strong>r<\/strong><strong> Moodle-Kurs<\/strong><strong>, welchen man <\/strong><strong>\u00fc<\/strong><strong>ber Moodle -> Verschiedenes -> berufliche Orientierung <\/strong>erreicht. (Der Kurs befindet sich noch im Aufbau und wird st\u00e4ndig erg\u00e4nzt!)<\/li>\n<\/ul>\n","protected":false},"excerpt":{"rendered":"<p>Liebe Sch\u00fclerinnen und Sch\u00fcler, die Berufsinformationswoche der CvSS findet nicht mehr statt und wurde durch verschiedene Bausteine im laufenden Schuljahr ersetzt. Diese k\u00f6nnt ihr dem Kalender sowie der \u00dcbersicht unter dem Link \u201e\u00dcbersicht \u00fcber die BO-Bausteine der CvSS\u201c einsehen. Es ist es wichtig, dass ihr schnell und aktuell an Informationen [&hellip;]<\/p>\n","protected":false},"author":1,"featured_media":0,"parent":4920,"menu_order":62,"comment_status":"closed","ping_status":"closed","template":"","meta":{"ngg_post_thumbnail":0,"_themeisle_gutenberg_block_has_review":false,"footnotes":""},"class_list":["post-4912","page","type-page","status-publish","hentry"],"_links":{"self":[{"href":"https:\/\/www.claus-von-stauffenberg-schule.de\/index.php?rest_route=\/wp\/v2\/pages\/4912","targetHints":{"allow":["GET"]}}],"collection":[{"href":"https:\/\/www.claus-von-stauffenberg-schule.de\/index.php?rest_route=\/wp\/v2\/pages"}],"about":[{"href":"https:\/\/www.claus-von-stauffenberg-schule.de\/index.php?rest_route=\/wp\/v2\/types\/page"}],"author":[{"embeddable":true,"href":"https:\/\/www.claus-von-stauffenberg-schule.de\/index.php?rest_route=\/wp\/v2\/users\/1"}],"replies":[{"embeddable":true,"href":"https:\/\/www.claus-von-stauffenberg-schule.de\/index.php?rest_route=%2Fwp%2Fv2%2Fcomments&post=4912"}],"version-history":[{"count":9,"href":"https:\/\/www.claus-von-stauffenberg-schule.de\/index.php?rest_route=\/wp\/v2\/pages\/4912\/revisions"}],"predecessor-version":[{"id":13449,"href":"https:\/\/www.claus-von-stauffenberg-schule.de\/index.php?rest_route=\/wp\/v2\/pages\/4912\/revisions\/13449"}],"up":[{"embeddable":true,"href":"https:\/\/www.claus-von-stauffenberg-schule.de\/index.php?rest_route=\/wp\/v2\/pages\/4920"}],"wp:attachment":[{"href":"https:\/\/www.claus-von-stauffenberg-schule.de\/index.php?rest_route=%2Fwp%2Fv2%2Fmedia&parent=4912"}],"curies":[{"name":"wp","href":"https:\/\/api.w.org\/{rel}","templated":true}]}}