{"id":4914,"date":"2015-09-29T13:40:20","date_gmt":"2015-09-29T11:40:20","guid":{"rendered":"http:\/\/56836347.swh.strato-hosting.eu\/?page_id=4914"},"modified":"2025-06-23T10:10:32","modified_gmt":"2025-06-23T08:10:32","slug":"praktikum","status":"publish","type":"page","link":"https:\/\/www.claus-von-stauffenberg-schule.de\/?page_id=4914","title":{"rendered":"Praktikum"},"content":{"rendered":"\n<p>Die Durchf\u00fchrung eines Praktikums ist seit dem Schuljahr 2017\/18 f\u00fcr alle Sch\u00fclerinnen und Sch\u00fcler in der Einf\u00fchrungsphase verpflichtend. Die rechtliche Grundlage hierf\u00fcr stellt die VOBO dar, welche unter folgendem Link einzusehen ist:<\/p>\n\n\n\n<p><a href=\"https:\/\/www.rv.hessenrecht.hessen.de\/bshe\/document\/hevr-BeruflOVHErahmen\">https:\/\/www.rv.hessenrecht.hessen.de\/bshe\/document\/hevr-BeruflOVHErahmen<\/a><\/p>\n\n\n\n<p>Den Termin entnehmen Sie bitte dem Anmeldeformular f\u00fcr die CvSS.<\/p>\n\n\n\n<p>Der Praktikumsplatz muss selbstst\u00e4ndig gesucht und organisiert werden. Da bei einigen begehrten Betrieben (z.B. der Flughafen oder die Flugsicherung oder gro\u00dfe Design-\/ Medienunternehmen) eine fr\u00fchzeitige Bewerbung um einen Praktikumsplatz notwendig ist, m\u00f6chten wir Sie im Vorfeld \u00fcber die Bedingungen und die Organisation des Praktikums informieren.<\/p>\n\n\n\n<p>Da das Praktikum der Berufsorientierung dienen soll, w\u00e4re es anzuraten, dass der Platz nach pers\u00f6nlichen Interessen und der beruflichen Perspektive gew\u00e4hlt wird. Au\u00dferdem m\u00fcssen alle Pl\u00e4tze von der Schule genehmigt werden. Nicht genehmigt werden Pl\u00e4tze in Betrieben, die eine direkte Zusammenarbeit mit den eigenen Eltern bedeuten.<\/p>\n\n\n\n<p>Die Fahrtkostenerstattung ist in der Oberstufe nicht m\u00f6glich.<\/p>\n\n\n\n<p>Wenn jemand ein Praktikum im Ausland machen will, ist dies m\u00f6glich, doch Reise- und Unterhaltskosten m\u00fcssen dann privat finanziert werden. Bitte denken Sie auch an eine private Haftpflicht &#8211; und Auslandskrankenversicherung. Alle Formulare und rechtlichen Grundlagen sind weiter unten oder im Schulportal zu finden.<\/p>\n\n\n\n<p>Folgende Zeitplanung ist f\u00fcr das Betriebspraktikum vorgesehen:<\/p>\n\n\n\n<p>Bis einschlie\u00dflich April haben die Sch\u00fclerinnen und Sch\u00fcler Zeit sich einen Praktikumsplatz zu suchen.<\/p>\n\n\n\n<p>Bis zum Mai m\u00fcssen die Sch\u00fclerinnen und Sch\u00fcler der Tutorin oder dem Tutor die Formulare <em>Best\u00e4<\/em><em>tigung des <\/em>Praktikumsplatzes und Beauftragung betrieblicher <em>Betreuerinnen <\/em>vom Betrieb ausgef\u00fcllt, abgeben. Wird der Platz genehmigt, unterschreibt die Schulleiterin die Beauftragungen und diese werden zur\u00fcckgeben.<\/p>\n\n\n\n<p>Vom Betrieb lassen sich die Sch\u00fclerinnen und Sch\u00fcler eine Beurteilung ausstellen (siehe Vorlage). Diese ist f\u00fcr das eigene Portfolio und dient als Nachweis. Am ersten Schultag nach dem Praktikum geben die Sch\u00fclerinnen und Sch\u00fcler einen einseitigen Praktikumsbericht (siehe Vorlage) bei Ihrem Tutor \/ Ihrer Tutorin ab.<\/p>\n\n\n\n<p>W\u00e4hrend des Praktikums ist das Sekretariat unter 06106-280750 zu erreichen und gibt die Nachrichten umgehend an die entsprechenden Ansprechpartner weiter.<\/p>\n\n\n\n<p>F\u00fcr konkrete R\u00fcckfragen stehen Frau Tauscher oder Frau Djukic zur Verf\u00fcgung.<\/p>\n\n\n\n<p><strong>Notwendige Dokumente zur Anmeldung f<\/strong><strong>\u00fcr da<\/strong><strong>s Praktikum der E- und Q-Phase:<\/strong><\/p>\n\n\n\n<p><a href=\"\/medien\/pdf\/BSO\/Information_PE.pdf\" target=\"_blank\" rel=\"noopener noreferrer\">Informationsschreiben an Sch\u00fcler*innen und Eltern<\/a><\/p>\n\n\n\n<p><a href=\"\/medien\/pdf\/BSO\/Merkblatt.pdf\" target=\"_blank\" rel=\"noopener noreferrer\">Merkblatt zum Praktikum<\/a><\/p>\n\n\n\n<p><a href=\"\/medien\/pdf\/BSO\/Datenschutz.pdf\" target=\"_blank\" rel=\"noopener noreferrer\">Datenschutz im Betriebspraktikum<\/a><\/p>\n\n\n\n<p><a href=\"\/medien\/pdf\/BSO\/Beauftragung_betrieblicher_Betreuer.pdf\" target=\"_blank\" rel=\"noopener noreferrer\">Beauftragung betrieblicher Betreuer\/innen<\/a><\/p>\n\n\n\n<p><a href=\"\/medien\/pdf\/BSO\/Bestaetigung_Betrieb.pdf\" target=\"_blank\" rel=\"noopener noreferrer\">Best\u00e4tigung des Praktikumsplatzes<\/a><\/p>\n\n\n\n<p><a href=\"\/medien\/pdf\/BSO\/Bescheinigung.pdf\" target=\"_blank\" rel=\"noopener noreferrer\">Formular Pflichtpraktikum &#8211; Unfall- und Haftpflichtversicherung<\/a><\/p>\n\n\n\n<p><a href=\"\/medien\/pdf\/BSO\/Vorlage_Praktikumsbeurteilung.pdf\" target=\"_blank\" rel=\"noopener noreferrer\">Vorlage Praktikumsbeurteilung<\/a><\/p>\n\n\n\n<p><a href=\"\/medien\/pdf\/BSO\/Vorlage_Praktikumsbericht.pdf\" target=\"_blank\" rel=\"noopener noreferrer\">Vorlage Praktikumsbericht<\/a><\/p>\n\n\n\n<p><a href=\"\/medien\/pdf\/BSO\/R\u00fcckmeldebogen_Eltern.pdf\" target=\"_blank\" rel=\"noopener noreferrer\">R\u00fcckmeldebogen Eltern<\/a><\/p>\n\n\n\n<p><\/p>\n","protected":false},"excerpt":{"rendered":"<p>Die Durchf\u00fchrung eines Praktikums ist seit dem Schuljahr 2017\/18 f\u00fcr alle Sch\u00fclerinnen und Sch\u00fcler in der Einf\u00fchrungsphase verpflichtend. Die rechtliche Grundlage hierf\u00fcr stellt die VOBO dar, welche unter folgendem Link einzusehen ist: https:\/\/www.rv.hessenrecht.hessen.de\/bshe\/document\/hevr-BeruflOVHErahmen Den Termin entnehmen Sie bitte dem Anmeldeformular f\u00fcr die CvSS. Der Praktikumsplatz muss selbstst\u00e4ndig gesucht und organisiert [&hellip;]<\/p>\n","protected":false},"author":1,"featured_media":0,"parent":4920,"menu_order":65,"comment_status":"closed","ping_status":"closed","template":"","meta":{"ngg_post_thumbnail":0,"_themeisle_gutenberg_block_has_review":false,"footnotes":""},"class_list":["post-4914","page","type-page","status-publish","hentry"],"_links":{"self":[{"href":"https:\/\/www.claus-von-stauffenberg-schule.de\/index.php?rest_route=\/wp\/v2\/pages\/4914","targetHints":{"allow":["GET"]}}],"collection":[{"href":"https:\/\/www.claus-von-stauffenberg-schule.de\/index.php?rest_route=\/wp\/v2\/pages"}],"about":[{"href":"https:\/\/www.claus-von-stauffenberg-schule.de\/index.php?rest_route=\/wp\/v2\/types\/page"}],"author":[{"embeddable":true,"href":"https:\/\/www.claus-von-stauffenberg-schule.de\/index.php?rest_route=\/wp\/v2\/users\/1"}],"replies":[{"embeddable":true,"href":"https:\/\/www.claus-von-stauffenberg-schule.de\/index.php?rest_route=%2Fwp%2Fv2%2Fcomments&post=4914"}],"version-history":[{"count":35,"href":"https:\/\/www.claus-von-stauffenberg-schule.de\/index.php?rest_route=\/wp\/v2\/pages\/4914\/revisions"}],"predecessor-version":[{"id":13444,"href":"https:\/\/www.claus-von-stauffenberg-schule.de\/index.php?rest_route=\/wp\/v2\/pages\/4914\/revisions\/13444"}],"up":[{"embeddable":true,"href":"https:\/\/www.claus-von-stauffenberg-schule.de\/index.php?rest_route=\/wp\/v2\/pages\/4920"}],"wp:attachment":[{"href":"https:\/\/www.claus-von-stauffenberg-schule.de\/index.php?rest_route=%2Fwp%2Fv2%2Fmedia&parent=4914"}],"curies":[{"name":"wp","href":"https:\/\/api.w.org\/{rel}","templated":true}]}}