{"id":5085,"date":"2015-11-17T14:08:30","date_gmt":"2015-11-17T12:08:30","guid":{"rendered":"http:\/\/www.claus-von-stauffenberg-schule.de\/?page_id=5085"},"modified":"2025-10-30T08:56:42","modified_gmt":"2025-10-30T07:56:42","slug":"schulhund","status":"publish","type":"page","link":"https:\/\/www.claus-von-stauffenberg-schule.de\/?page_id=5085","title":{"rendered":"Schulhund Merle"},"content":{"rendered":"\n<p class=\"has-text-align-center\">\u201eIch habe gro\u00dfe Achtung vor der Menschenkenntnis meines Hundes, er ist schneller und gr\u00fcndlicher als ich.\u201c<br>(F\u00fcrst Bismarck)<\/p>\n\n\n\n<p>Das Schulhund- Projekt an der Claus-von-Stauffenberg-Schule entwickelt sich weiter.<\/p>\n\n\n\n<p>Am 7.7.2024 hat Katja Schwarz mit ihrer H\u00fcndin Merle die Pr\u00fcfung zum Schulhund erfolgreich abgeschlossen.<\/p>\n\n\n<div class=\"wp-block-image\">\n<figure class=\"aligncenter size-full is-resized\"><a href=\"https:\/\/www.claus-von-stauffenberg-schule.de\/wp-content\/uploads\/2025\/10\/Merle-scaled.jpg\"><img loading=\"lazy\" decoding=\"async\" width=\"1707\" height=\"2560\" src=\"https:\/\/www.claus-von-stauffenberg-schule.de\/wp-content\/uploads\/2025\/10\/Merle-scaled.jpg\" alt=\"\" class=\"wp-image-13662\" style=\"width:507px;height:auto\" srcset=\"https:\/\/www.claus-von-stauffenberg-schule.de\/wp-content\/uploads\/2025\/10\/Merle-scaled.jpg 1707w, https:\/\/www.claus-von-stauffenberg-schule.de\/wp-content\/uploads\/2025\/10\/Merle-200x300.jpg 200w, https:\/\/www.claus-von-stauffenberg-schule.de\/wp-content\/uploads\/2025\/10\/Merle-683x1024.jpg 683w, https:\/\/www.claus-von-stauffenberg-schule.de\/wp-content\/uploads\/2025\/10\/Merle-768x1152.jpg 768w, https:\/\/www.claus-von-stauffenberg-schule.de\/wp-content\/uploads\/2025\/10\/Merle-1024x1536.jpg 1024w, https:\/\/www.claus-von-stauffenberg-schule.de\/wp-content\/uploads\/2025\/10\/Merle-1365x2048.jpg 1365w\" sizes=\"auto, (max-width: 1707px) 100vw, 1707px\" \/><\/a><figcaption class=\"wp-element-caption\">Bild: Sven Weiland<\/figcaption><\/figure>\n<\/div>\n\n\n<p>Merle ist nun unser Schulhund. Katja Schwarz und Merle sind eine willkommene Erweiterung des Schulhund-Projektes. In den letzten Jahren hatte es sich gezeigt, dass der Wunsch, der Schulhund k\u00f6nnte pr\u00e4senter sein, immer st\u00e4rker bei den Sch\u00fclerinnen und Sch\u00fclern vertreten ist. Mit dem neuen Schulhund-Team erweitern wir das Projekt Schulhund, da Katja Schwarz in der Schulsozialarbeit t\u00e4tig ist. Damit wird das Projekt, das bisher nur auf die Schulstunden bei Barbara Stegner beschr\u00e4nkt war, auf den au\u00dferunterrichtlichen Bereich ausgedehnt. Weitere Information zur Arbeit von Katja Schwarz und ihrem Schulhund findet man auch unter dem Stichwort \u201epersonal coach\u201c.<\/p>\n\n\n\n<figure class=\"wp-block-image size-full is-resized\"><a href=\"https:\/\/www.claus-von-stauffenberg-schule.de\/wp-content\/uploads\/2025\/09\/Scannen-2.png\"><img decoding=\"async\" src=\"https:\/\/www.claus-von-stauffenberg-schule.de\/wp-content\/uploads\/2025\/09\/Scannen-2.png\" alt=\"\" class=\"wp-image-13572\" style=\"width:680px;height:auto\"\/><\/a><figcaption class=\"wp-element-caption\">Sch\u00fclerarbeit aus dem Kunst LK<\/figcaption><\/figure>\n\n\n\n<p><\/p>\n","protected":false},"excerpt":{"rendered":"<p>\u201eIch habe gro\u00dfe Achtung vor der Menschenkenntnis meines Hundes, er ist schneller und gr\u00fcndlicher als ich.\u201c(F\u00fcrst Bismarck) Das Schulhund- Projekt an der Claus-von-Stauffenberg-Schule entwickelt sich weiter. Am 7.7.2024 hat Katja Schwarz mit ihrer H\u00fcndin Merle die Pr\u00fcfung zum Schulhund erfolgreich abgeschlossen. Merle ist nun unser Schulhund. Katja Schwarz und Merle [&hellip;]<\/p>\n","protected":false},"author":1,"featured_media":0,"parent":12,"menu_order":72,"comment_status":"closed","ping_status":"closed","template":"","meta":{"ngg_post_thumbnail":0,"_themeisle_gutenberg_block_has_review":false,"footnotes":""},"class_list":["post-5085","page","type-page","status-publish","hentry"],"_links":{"self":[{"href":"https:\/\/www.claus-von-stauffenberg-schule.de\/index.php?rest_route=\/wp\/v2\/pages\/5085","targetHints":{"allow":["GET"]}}],"collection":[{"href":"https:\/\/www.claus-von-stauffenberg-schule.de\/index.php?rest_route=\/wp\/v2\/pages"}],"about":[{"href":"https:\/\/www.claus-von-stauffenberg-schule.de\/index.php?rest_route=\/wp\/v2\/types\/page"}],"author":[{"embeddable":true,"href":"https:\/\/www.claus-von-stauffenberg-schule.de\/index.php?rest_route=\/wp\/v2\/users\/1"}],"replies":[{"embeddable":true,"href":"https:\/\/www.claus-von-stauffenberg-schule.de\/index.php?rest_route=%2Fwp%2Fv2%2Fcomments&post=5085"}],"version-history":[{"count":11,"href":"https:\/\/www.claus-von-stauffenberg-schule.de\/index.php?rest_route=\/wp\/v2\/pages\/5085\/revisions"}],"predecessor-version":[{"id":13664,"href":"https:\/\/www.claus-von-stauffenberg-schule.de\/index.php?rest_route=\/wp\/v2\/pages\/5085\/revisions\/13664"}],"up":[{"embeddable":true,"href":"https:\/\/www.claus-von-stauffenberg-schule.de\/index.php?rest_route=\/wp\/v2\/pages\/12"}],"wp:attachment":[{"href":"https:\/\/www.claus-von-stauffenberg-schule.de\/index.php?rest_route=%2Fwp%2Fv2%2Fmedia&parent=5085"}],"curies":[{"name":"wp","href":"https:\/\/api.w.org\/{rel}","templated":true}]}}