{"id":934,"date":"2012-09-04T11:56:47","date_gmt":"2012-09-04T11:56:47","guid":{"rendered":"http:\/\/www.cvss.de\/?page_id=934"},"modified":"2015-11-17T14:31:35","modified_gmt":"2015-11-17T12:31:35","slug":"kiosk","status":"publish","type":"page","link":"https:\/\/www.claus-von-stauffenberg-schule.de\/?page_id=934","title":{"rendered":"Kiosk"},"content":{"rendered":"<p>In den Pausen bietet der Kiosk von Frau Dreher Getr\u00e4nke und Snacks f\u00fcr den kleinen Hunger an. Desweiteren gibt es ein zus\u00e4tzliches Angebot an warmen Speisen in der 7. Stunde (auf Vorbestellung).<\/p>\n<p><a title=\"Allgemein\" href=\"\/medien\/pdf\/Kiosk_Liste.pdf\" target=\"_blank\">Allgemein<\/a><\/p>\n<p><a title=\"Mittagessen\" href=\"\/medien\/pdf\/Kiosk_Mittagessen.pdf\" target=\"_blank\">Mittagessen<\/a><\/p>\n<p><a href=\"\/wp-content\/uploads\/2012\/09\/kiosk.png\"><img loading=\"lazy\" decoding=\"async\" class=\"alignnone wp-image-2982\" src=\"\/wp-content\/uploads\/2012\/09\/kiosk.png\" alt=\"kiosk\" width=\"470\" height=\"355\" \/><\/a><\/p>\n<p>&nbsp;<\/p>\n<p>&nbsp;<\/p>\n","protected":false},"excerpt":{"rendered":"<p>In den Pausen bietet der Kiosk von Frau Dreher Getr\u00e4nke und Snacks f\u00fcr den kleinen Hunger an. Desweiteren gibt es ein zus\u00e4tzliches Angebot an warmen Speisen in der 7. Stunde (auf Vorbestellung). Allgemein Mittagessen &nbsp; &nbsp;<\/p>\n","protected":false},"author":1,"featured_media":0,"parent":177,"menu_order":41,"comment_status":"closed","ping_status":"closed","template":"sidebar-page.php","meta":{"ngg_post_thumbnail":0,"_themeisle_gutenberg_block_has_review":false,"footnotes":""},"class_list":["post-934","page","type-page","status-publish","hentry"],"_links":{"self":[{"href":"https:\/\/www.claus-von-stauffenberg-schule.de\/index.php?rest_route=\/wp\/v2\/pages\/934","targetHints":{"allow":["GET"]}}],"collection":[{"href":"https:\/\/www.claus-von-stauffenberg-schule.de\/index.php?rest_route=\/wp\/v2\/pages"}],"about":[{"href":"https:\/\/www.claus-von-stauffenberg-schule.de\/index.php?rest_route=\/wp\/v2\/types\/page"}],"author":[{"embeddable":true,"href":"https:\/\/www.claus-von-stauffenberg-schule.de\/index.php?rest_route=\/wp\/v2\/users\/1"}],"replies":[{"embeddable":true,"href":"https:\/\/www.claus-von-stauffenberg-schule.de\/index.php?rest_route=%2Fwp%2Fv2%2Fcomments&post=934"}],"version-history":[{"count":7,"href":"https:\/\/www.claus-von-stauffenberg-schule.de\/index.php?rest_route=\/wp\/v2\/pages\/934\/revisions"}],"predecessor-version":[{"id":4146,"href":"https:\/\/www.claus-von-stauffenberg-schule.de\/index.php?rest_route=\/wp\/v2\/pages\/934\/revisions\/4146"}],"up":[{"embeddable":true,"href":"https:\/\/www.claus-von-stauffenberg-schule.de\/index.php?rest_route=\/wp\/v2\/pages\/177"}],"wp:attachment":[{"href":"https:\/\/www.claus-von-stauffenberg-schule.de\/index.php?rest_route=%2Fwp%2Fv2%2Fmedia&parent=934"}],"curies":[{"name":"wp","href":"https:\/\/api.w.org\/{rel}","templated":true}]}}