{"id":9680,"date":"2020-06-15T20:33:54","date_gmt":"2020-06-15T18:33:54","guid":{"rendered":"https:\/\/www.claus-von-stauffenberg-schule.de\/?page_id=9680"},"modified":"2020-06-30T08:11:41","modified_gmt":"2020-06-30T06:11:41","slug":"studien-und-ausbildungsplaetze","status":"publish","type":"page","link":"https:\/\/www.claus-von-stauffenberg-schule.de\/?page_id=9680","title":{"rendered":"Studien- und Ausbildungspl\u00e4tze"},"content":{"rendered":"\n<p>Liebe Sch\u00fclerinnen und Sch\u00fcler,<br><br>auf dieser Seite hier findet ihr aktuelle Informationen zu Berufsmessen, Studieng\u00e4ngen, Bewerbungsterminen und FSJs in unserer Region und dar\u00fcber hinaus:<br><br><strong>Goethe-Universit\u00e4t Frankfurt<\/strong><\/p>\n\n\n<p><a href=\"\/medien\/pdf\/BUS\/Angebote\/Uni-Frankfurt\/webinar.pdf\" target=\"_blank\" rel=\"noopener noreferrer\">Webinar der Goethe-Universit\u00e4t<\/a><br><br><a href=\"\/medien\/pdf\/BUS\/Angebote\/Uni-Frankfurt\/dig.pdf\" target=\"_blank\" rel=\"noopener noreferrer\">Digitale Infovortr\u00e4ge<\/a><\/p>\n\n\n<p><strong>andere Universit\u00e4ten<\/strong><br><a rel=\"noreferrer noopener\" href=\"https:\/\/www.claus-von-stauffenberg-schule.de\/medien\/pdf\/BUS\/Angebote\/Unis\/Flyer.pdf\" target=\"_blank\">Studientag der Universit\u00e4t Marburg<\/a><br><a rel=\"noreferrer noopener\" href=\"\/medien\/pdf\/BUS\/Angebote\/Unis\/UniJena_online.pdf\" target=\"_blank\">Uni Jena geht online<\/a><br><a href=\"\/medien\/pdf\/BUS\/Angebote\/Unis\/WebinarUniJena.pdf\" target=\"_blank\" rel=\"noreferrer noopener\">Webinar der Uni Jena<\/a><\/p>\n\n\n\n<p><strong>FSJ<\/strong><br><a href=\"\/medien\/pdf\/BUS\/Angebote\/FSJ\/Flyer.pdf\" target=\"_blank\" rel=\"noreferrer noopener\">Online Infomeeting des DRK Hessen<\/a><\/p>\n\n\n\n<p><strong>Ausbildungspl\u00e4tze<\/strong><br><a href=\"\/medien\/pdf\/BUS\/Angebote\/Ausbildung\/Landesinitiative_Wirtschaft.pdf\" target=\"_blank\" rel=\"noreferrer noopener\">Landesinitiative Wirtschaft<\/a><\/p>\n\n\n\n<p><strong>Studienpl\u00e4tze<\/strong><br>&#8212;<\/p>\n","protected":false},"excerpt":{"rendered":"<p>Liebe Sch\u00fclerinnen und Sch\u00fcler, auf dieser Seite hier findet ihr aktuelle Informationen zu Berufsmessen, Studieng\u00e4ngen, Bewerbungsterminen und FSJs in unserer Region und dar\u00fcber hinaus: Goethe-Universit\u00e4t Frankfurt Webinar der Goethe-Universit\u00e4t Digitale Infovortr\u00e4ge andere Universit\u00e4tenStudientag der Universit\u00e4t MarburgUni Jena geht onlineWebinar der Uni Jena FSJOnline Infomeeting des DRK Hessen Ausbildungspl\u00e4tzeLandesinitiative Wirtschaft Studienpl\u00e4tze&#8212;<\/p>\n","protected":false},"author":1,"featured_media":0,"parent":4920,"menu_order":1,"comment_status":"closed","ping_status":"closed","template":"","meta":{"ngg_post_thumbnail":0,"_themeisle_gutenberg_block_has_review":false,"footnotes":""},"class_list":["post-9680","page","type-page","status-publish","hentry"],"_links":{"self":[{"href":"https:\/\/www.claus-von-stauffenberg-schule.de\/index.php?rest_route=\/wp\/v2\/pages\/9680","targetHints":{"allow":["GET"]}}],"collection":[{"href":"https:\/\/www.claus-von-stauffenberg-schule.de\/index.php?rest_route=\/wp\/v2\/pages"}],"about":[{"href":"https:\/\/www.claus-von-stauffenberg-schule.de\/index.php?rest_route=\/wp\/v2\/types\/page"}],"author":[{"embeddable":true,"href":"https:\/\/www.claus-von-stauffenberg-schule.de\/index.php?rest_route=\/wp\/v2\/users\/1"}],"replies":[{"embeddable":true,"href":"https:\/\/www.claus-von-stauffenberg-schule.de\/index.php?rest_route=%2Fwp%2Fv2%2Fcomments&post=9680"}],"version-history":[{"count":8,"href":"https:\/\/www.claus-von-stauffenberg-schule.de\/index.php?rest_route=\/wp\/v2\/pages\/9680\/revisions"}],"predecessor-version":[{"id":9741,"href":"https:\/\/www.claus-von-stauffenberg-schule.de\/index.php?rest_route=\/wp\/v2\/pages\/9680\/revisions\/9741"}],"up":[{"embeddable":true,"href":"https:\/\/www.claus-von-stauffenberg-schule.de\/index.php?rest_route=\/wp\/v2\/pages\/4920"}],"wp:attachment":[{"href":"https:\/\/www.claus-von-stauffenberg-schule.de\/index.php?rest_route=%2Fwp%2Fv2%2Fmedia&parent=9680"}],"curies":[{"name":"wp","href":"https:\/\/api.w.org\/{rel}","templated":true}]}}